{"id":1366,"date":"2022-01-26T14:12:11","date_gmt":"2022-01-26T19:12:11","guid":{"rendered":"https:\/\/www.hps-sc.com\/?page_id=1366"},"modified":"2023-01-27T15:28:07","modified_gmt":"2023-01-27T20:28:07","slug":"improving-maintaining-oral-health","status":"publish","type":"page","link":"https:\/\/www.hps-sc.com\/es\/improving-maintaining-oral-health\/","title":{"rendered":"Salud Bucal"},"content":{"rendered":"<p>[vc_row css=&#8221;.vc_custom_1554645706309{padding-top: 2% !important;padding-bottom: 2% !important;}&#8221;][vc_column][vc_column_text]<br \/>\n[\/vc_column_text][\/vc_column][\/vc_row][vc_row content_placement=&#8221;middle&#8221; css=&#8221;.vc_custom_1643225068222{margin-top: 2% !important;}&#8221;][vc_column width=&#8221;1\/3&#8243;][vc_column_text]<\/p>\n<h4 class=\"tt-title h4 no-desc\" style=\"color: #13304f; font-size: 30px !important;\">Cepillarse<\/h4>\n<h4 class=\"tt-title h4 no-desc\" style=\"color: #13304f; font-size: 30px !important;\"><span style=\"color: #1f6bbe;\">de forma correcta<\/span><\/h4>\n<p>&nbsp;<\/p>\n<ol class=\"text\">\n<li>El cepillado debe realizarse dos veces al d\u00eda con una pasta de dientes con fluoruro.<\/li>\n<li>Es importante cepillarse los dientes antes de acostarse.<\/li>\n<li>Los padres deben cepillar los dientes del ni\u00f1o hasta que cumpla los 8-9 a\u00f1os, al menos una vez al d\u00eda.<\/li>\n<\/ol>\n<p>[\/vc_column_text][\/vc_column][vc_column width=&#8221;2\/3&#8243;][vc_column_text]<\/p>\n<p style=\"text-align: center;\"><iframe loading=\"lazy\" title=\"YouTube video player\" src=\"https:\/\/www.youtube.com\/embed\/LiFVMikAg70\" width=\"560\" height=\"315\" frameborder=\"0\" allowfullscreen=\"allowfullscreen\"><\/iframe><\/p>\n<p>[\/vc_column_text][\/vc_column][\/vc_row][vc_row content_placement=&#8221;middle&#8221; css=&#8221;.vc_custom_1643226138589{margin-top: 8% !important;}&#8221;][vc_column][vc_column_text]<\/p>\n<h4 class=\"tt-title h4 no-desc\" style=\"color: #13304f; font-size: 30px !important; text-align: center !important;\">Limpiez <span style=\"color: #1f6bbe;\"> entre dientes<\/span><\/h4>\n<p style=\"text-align: center;\">Para prevenir las caries y las enfermedades de las enc\u00edas, es importante limpiar los dientes. Esto puede hacerse con numerosas herramientas. Una de las m\u00e1s f\u00e1ciles y eficaces es el uso del hilo dental con agua. El uso de cepillos interdentales y picos tambi\u00e9n es muy \u00fatil. Consulte a su higienista dental para recibir m\u00e1s consejos.<\/p>\n<p>[\/vc_column_text][vc_row_inner][vc_column_inner width=&#8221;1\/3&#8243;][vc_column_text]<\/p>\n<p style=\"text-align: center;\"><iframe loading=\"lazy\" title=\"YouTube video player\" src=\"https:\/\/www.youtube.com\/embed\/noExCv6n2oc\" width=\"560\" height=\"315\" frameborder=\"0\" allowfullscreen=\"allowfullscreen\"><\/iframe><\/p>\n<h3 style=\"text-align: center;\">Uso del hilo dental<\/h3>\n<p>[\/vc_column_text][\/vc_column_inner][vc_column_inner width=&#8221;1\/3&#8243;][vc_column_text]<\/p>\n<p style=\"text-align: center;\"><iframe loading=\"lazy\" title=\"YouTube video player\" src=\"https:\/\/www.youtube.com\/embed\/tmBcEf2jfks\" width=\"560\" height=\"315\" frameborder=\"0\" allowfullscreen=\"allowfullscreen\"><\/iframe><\/p>\n<h3 style=\"text-align: center;\">Waterpik<\/h3>\n<p>[\/vc_column_text][\/vc_column_inner][vc_column_inner width=&#8221;1\/3&#8243;][vc_column_text]<\/p>\n<p style=\"text-align: center;\"><iframe loading=\"lazy\" title=\"YouTube video player\" src=\"https:\/\/www.youtube.com\/embed\/LwM5ZxmcMBE\" width=\"560\" height=\"315\" frameborder=\"0\" allowfullscreen=\"allowfullscreen\"><\/iframe><\/p>\n<h3 style=\"text-align: center;\">Cep\u00edllese los dientes y utilice hilo dental al MISMO TIEMPO<\/h3>\n<p>[\/vc_column_text][\/vc_column_inner][\/vc_row_inner][\/vc_column][\/vc_row][vc_row content_placement=&#8221;middle&#8221; css=&#8221;.vc_custom_1643226130463{margin-top: 8% !important;margin-bottom: 8% !important;}&#8221;][vc_column width=&#8221;1\/2&#8243;][vc_column_text]<\/p>\n<h4 class=\"tt-title h4 no-desc\" style=\"color: #13304f; font-size: 30px !important;\">Salud bucodental<\/h4>\n<h4 class=\"tt-title h4 no-desc\" style=\"color: #13304f; font-size: 30px !important;\"><span style=\"color: #1f6bbe;\"> de los beb\u00e9s y ni\u00f1os peque\u00f1os<\/span><\/h4>\n<p>&nbsp;<\/p>\n<ol class=\"text\">\n<li>Nunca acueste a un beb\u00e9 con un biber\u00f3n<\/li>\n<li>S\u00f3lo ponga leche o f\u00f3rmula en los biberones<\/li>\n<li>Evite TODAS las gaseosos y bebidas deportivas.<\/li>\n<li>Evite los jugos de fruta. En su lugar, consuma fruta fresca.<\/li>\n<li>Utilice s\u00f3lo agua en el vaso para beb\u00e9. Si va a comer, puede a\u00f1adirle leche.<\/li>\n<li>No permita que los ni\u00f1os se paseen con vasos para sorber.<\/li>\n<\/ol>\n<p>[\/vc_column_text][\/vc_column][vc_column width=&#8221;1\/2&#8243;][vc_column_text]<\/p>\n<h4 class=\"tt-title h4 no-desc\"><strong>XYLITOL<\/strong><\/h4>\n<p>&nbsp;<\/p>\n<p>El xilitol es un sustituto natural del az\u00facar, bajo en calor\u00edas. Este producto ha demostrado que reduce las bacterias que causan caries, infecciones de o\u00eddo y enfermedades respiratorias. Es un alcohol de az\u00facar que se deriva principalmente del abedul y otros \u00e1rboles de madera dura. El chicle de xilitol est\u00e1 disponible en la mayor\u00eda de los supermercados. &#8220;Ice Breakers, Ice Cubes&#8221; es el \u00fanico chicle disponible en el mercado cuyo ingrediente principal es el xilitol. Varios sitios web ofrecen productos con xilitol. <strong>Mant\u00e9ngalos alejados de sus mascotas. <\/strong><strong>\u00a1Podr\u00eda matar a sus perros y gatos!<\/strong>[\/vc_column_text][\/vc_column][\/vc_row][vc_row content_placement=&#8221;middle&#8221; css=&#8221;.vc_custom_1643226130463{margin-top: 8% !important;margin-bottom: 8% !important;}&#8221;][vc_column width=&#8221;1\/2&#8243;][vc_column_text]<\/p>\n<h4 class=\"tt-title h4 no-desc\" style=\"color: #13304f; font-size: 30px !important;\">Nutrici\u00f4n<\/h4>\n<h4 class=\"tt-title h4 no-desc\" style=\"color: #13304f; font-size: 30px !important;\"><span style=\"color: #1f6bbe;\">Alimentaci\u00f3n saludable<\/span><\/h4>\n<p>&nbsp;<\/p>\n<p>Boca + Az\u00facar = \u00c1CIDO que se carcome su diente (se convierte en \u00e1cido en 20 segundos y tarda 20 minutos en neutralizarse de nuevo). Si toma otro &#8220;sorbo&#8221; o come otro bocado, este proceso empezar\u00e1 de nuevo. Si va a consumir az\u00facar, es mejor hacerlo de una vez y no hacerlo m\u00e1s durante el d\u00eda. Tomar bebidas con az\u00facar y\/o comer caramelos de menta o dulces con az\u00facar a lo largo del d\u00eda provoca que el \u00e1cido se mantenga en sus dientes disolviendo el esmalte dental. \u00bfLas gaseosas provocan caries? Elija meriendas de forma inteligente.[\/vc_column_text][\/vc_column][vc_column width=&#8221;1\/2&#8243;][vc_column_text]<\/p>\n<h4 class=\"tt-title h4 no-desc\" style=\"color: #13304f; font-size: 30px !important;\">Tobacco<\/h4>\n<h4 class=\"tt-title h4 no-desc\" style=\"color: #13304f; font-size: 30px !important;\"><span style=\"color: #1f6bbe;\">Prevenci\u00f3n\/Deje de fumar<\/span><\/h4>\n<p>&nbsp;<\/p>\n<p>Mensaje sobre nutrici\u00f3n\/alimentaci\u00f3n saludable (mensaje m\u00e1s tres subcategor\u00edas: gaseosas, meriendas saludables y xilitol) Lo que comemos y bebemos afecta directamente la salud de todo nuestro cuerpo. Los az\u00facares, cuando no se consumen con moderaci\u00f3n, afectan gravemente nuestra salud bucodental y nuestra salud en general. Cuando hablamos de caries, la frecuencia con la que se consume az\u00facar es un factor MUY importante.[\/vc_column_text][\/vc_column][\/vc_row][vc_row css=&#8221;.vc_custom_1644269891834{margin-top: 8% !important;margin-bottom: 8% !important;}&#8221;][vc_column][vc_column_text]<\/p>\n<h4 class=\"tt-title h4 no-desc\" style=\"color: #13304f; font-size: 30px !important; text-align: center !important;\">Additional <span style=\"color: #1f6bbe;\">Publications<\/span><\/h4>\n<h5 style=\"text-align: center;\"><a href=\"https:\/\/www.mchoralhealth.org\/\">Maternal Child Health \/ Oral Health Publications<\/a><\/h5>\n<p>[\/vc_column_text][\/vc_column][\/vc_row]<\/p>\n","protected":false},"excerpt":{"rendered":"<p>[vc_row css=&#8221;.vc_custom_1554645706309{padding-top: 2% !important;padding-bottom: 2% !important;}&#8221;][vc_column][vc_column_text] [\/vc_column_text][\/vc_column][\/vc_row][vc_row content_placement=&#8221;middle&#8221; css=&#8221;.vc_custom_1643225068222{margin-top: 2% !important;}&#8221;][vc_column width=&#8221;1\/3&#8243;][vc_column_text] Cepillarse de forma correcta &nbsp; El cepillado debe realizarse dos veces al d\u00eda con una pasta de dientes con fluoruro. Es importante cepillarse los dientes antes de acostarse. Los padres deben cepillar los dientes del ni\u00f1o hasta que cumpla los 8-9 a\u00f1os, al<\/p>\n","protected":false},"author":1,"featured_media":0,"parent":0,"menu_order":0,"comment_status":"closed","ping_status":"closed","template":"","meta":{"nf_dc_page":"","om_disable_all_campaigns":false,"footnotes":""},"class_list":["post-1366","page","type-page","status-publish","hentry"],"jetpack_sharing_enabled":true,"_links":{"self":[{"href":"https:\/\/www.hps-sc.com\/es\/wp-json\/wp\/v2\/pages\/1366","targetHints":{"allow":["GET"]}}],"collection":[{"href":"https:\/\/www.hps-sc.com\/es\/wp-json\/wp\/v2\/pages"}],"about":[{"href":"https:\/\/www.hps-sc.com\/es\/wp-json\/wp\/v2\/types\/page"}],"author":[{"embeddable":true,"href":"https:\/\/www.hps-sc.com\/es\/wp-json\/wp\/v2\/users\/1"}],"replies":[{"embeddable":true,"href":"https:\/\/www.hps-sc.com\/es\/wp-json\/wp\/v2\/comments?post=1366"}],"version-history":[{"count":41,"href":"https:\/\/www.hps-sc.com\/es\/wp-json\/wp\/v2\/pages\/1366\/revisions"}],"predecessor-version":[{"id":1778,"href":"https:\/\/www.hps-sc.com\/es\/wp-json\/wp\/v2\/pages\/1366\/revisions\/1778"}],"wp:attachment":[{"href":"https:\/\/www.hps-sc.com\/es\/wp-json\/wp\/v2\/media?parent=1366"}],"curies":[{"name":"wp","href":"https:\/\/api.w.org\/{rel}","templated":true}]}}