{"id":16,"date":"2019-03-23T12:43:21","date_gmt":"2019-03-23T12:43:21","guid":{"rendered":"http:\/\/box5644.temp.domains\/~hpssccom\/?page_id=16"},"modified":"2023-01-31T10:43:27","modified_gmt":"2023-01-31T15:43:27","slug":"about","status":"publish","type":"page","link":"https:\/\/www.hps-sc.com\/es\/about\/","title":{"rendered":"Nosotros"},"content":{"rendered":"<p>[vc_row css=&#8221;.vc_custom_1554645706309{padding-top: 2% !important;padding-bottom: 2% !important;}&#8221;][vc_column][vc_column_text]<br \/>\n[\/vc_column_text][\/vc_column][\/vc_row][vc_row css=&#8221;.vc_custom_1553757635047{background-image: url(http:\/\/box5644.temp.domains\/~hpssccom\/wp-content\/uploads\/2019\/03\/bookapp.jpg?id=749) !important;}&#8221;][vc_column][vc_row_inner][vc_column_inner width=&#8221;1\/2&#8243;][vc_single_image image=&#8221;872&#8243; img_size=&#8221;full&#8221;][\/vc_column_inner][vc_column_inner width=&#8221;1\/2&#8243;][dentalcare_info_box css=&#8221;.vc_custom_1555684312243{margin-top: 10% !important;margin-left: -25% !important;padding-top: 10% !important;padding-right: 10% !important;padding-bottom: 10% !important;padding-left: 10% !important;background-color: #42a6dc !important;}&#8221;]<\/p>\n<p style=\"color: #ffffff; text-align: justify !important;\"><strong>Health Promotion Specialists se creo en junio de 2000 como un catalizador para reducir los efectos devastadores de las enfermedades dentales en el estado de Carolina del Sur. Aunque es prevenible, la enfermedad dental es una enfermedad y la numero uno que es cronica en los ni\u00f1os y la segunda enfermedad m\u00e1s costosa de tratar en los Estados Unidos, inclusive m\u00e1s costosa que el c\u00e1ncer y la diabetes. HPS se enfoca en prevenir enfermedades dentales y en ense\u00f1ar a los ni\u00f1os a tomar decisiones sabias que afectar\u00e1n positivamente su salud en general y su futuro.<\/strong><\/p>\n<p>[\/dentalcare_info_box][\/vc_column_inner][\/vc_row_inner][\/vc_column][\/vc_row][vc_row css=&#8221;.vc_custom_1554645809366{margin-top: 2% !important;}&#8221;][vc_column width=&#8221;1\/3&#8243;][vc_column_text]<\/p>\n<h4 class=\"tt-title h4 no-desc\" style=\"color: #13304f; font-size: 30px !important;\">Un equipo de salud, <span style=\"color: #1f6bbe;\"> integral y colaborativo <\/span><\/h4>\n<p>&nbsp;<\/p>\n<ul class=\"text\">\n<li><span class=\"tlid-translation translation\" lang=\"es\"><span class=\"\" title=\"\">Nos asociamos con las comunidades y los distritos escolares de Carolina del Sur para brindar educaci\u00f3n de salud preventiva y servicios de salud bucal<\/span><\/span><\/li>\n<li>Referimos a los ni\u00f1os a los m\u00e9dicos locales, dentistas, logopedas, etc. para cualquier servicio adicional que se necesite.<\/li>\n<li>Trabaja con recursos comunitarios y participa en actividades comunitarias para promover la salud.<\/li>\n<\/ul>\n<p>[\/vc_column_text][\/vc_column][vc_column width=&#8221;1\/3&#8243;][vc_column_text]<\/p>\n<h4 class=\"tt-title h4 no-desc\" style=\"color: #13304f; font-size: 30px !important;\">Situacion ganadora<br \/>\n<span style=\"color: #1f6bbe;\"> para todos los involucrados <\/span><\/h4>\n<p>&nbsp;<\/p>\n<ul class=\"text\">\n<li>Los ni\u00f1os ganan teniendo menos caries y dolor.<\/li>\n<li>Los distritos escolares ganan a trav\u00e9s de la mejora de la salud de los ni\u00f1os y, por lo tanto, tienen mayores oportunidades para aprender<\/li>\n<li>Los proveedores comunitarios ganan por un aumento de referencias para los que necesiten atenci\u00f3n necesaria<\/li>\n<li>Los contribuyentes de impuestos ganan a trav\u00e9s de la prevenci\u00f3n de enfermedades en lugar de tener que pagar mas por un tratamiento m\u00e1s costoso<\/li>\n<\/ul>\n<p>[\/vc_column_text][\/vc_column][vc_column width=&#8221;1\/3&#8243;][vc_column_text]<\/p>\n<h4 class=\"tt-title h4 no-desc\" style=\"color: #13304f; font-size: 30px !important;\">HPS es diferente<br \/>\n<span style=\"color: #1f6bbe;\"> a los otros programas <\/span><\/h4>\n<p>&nbsp;<\/p>\n<ul class=\"text\">\n<li>Otros programas buscan agujeros (cavidades) en los dientes de los ni\u00f1os para consultarlos o repararlos en el sitio<\/li>\n<li>El objetivo de HPS es prevenir los agujeros (cavidades). Referimos a los ni\u00f1os para la atenci\u00f3n necesaria, pero nuestro objetivo principal es la prevenci\u00f3n.<\/li>\n<li>Hist\u00f3ricamente hablando, la atenci\u00f3n m\u00e9dica ha controlado y detenido la enfermedad con prevenci\u00f3n (es decir, la viruela, la poliomielitis y la hepatitis B). El tratamiento de las enfermedades no las retrasa ni las detiene. Se necesita prevenci\u00f3n.<\/li>\n<li>Los selladores dentales son la &#8220;inmunizaci\u00f3n&#8221; para combatir la caries dentales.<\/li>\n<\/ul>\n<p>[\/vc_column_text][\/vc_column][\/vc_row][vc_row css=&#8221;.vc_custom_1554647284723{margin-top: 5% !important;margin-bottom: 5% !important;padding-left: 2% !important;background-color: #676cb8 !important;}&#8221;][vc_column][vc_column_text]<\/p>\n<div class=\"row vertical-middle\">\n<div class=\"col-md-8 col-lg-10\">\n<h4 style=\"font-size: 28px !important; color: #ffffff;\">Desde que comenz\u00f3 el programa HPS en las escuelas, el estado de la salud oral ha cambiado para mejor en los ni\u00f1os de Carolina del Sur.<\/h4>\n<p>&nbsp;<\/p>\n<div class=\"empty-space marg-sm-b30\"><\/div>\n<\/div>\n<div class=\"col-md-4 col-lg-2\"><a class=\"c-btn big white\" href=\"https:\/\/www.hps-sc.com\/contact-us\/\">Contacto<\/a><\/div>\n<\/div>\n<p>[\/vc_column_text][\/vc_column][\/vc_row][vc_row][vc_column][vc_tta_tour][vc_tta_section title=&#8221;Personal de Apoyo administrativo&#8221; tab_id=&#8221;about1&#8243;][vc_row_inner][vc_column_inner width=&#8221;1\/2&#8243;][vc_column_text]<\/p>\n<h2 style=\"text-align: left;\">Personal de Apoyo administrativo<\/h2>\n<p><strong>Tammi O. Byrd, RDH<\/strong><br \/>\nCEO, Directora Clinica<\/p>\n<p><strong>Shana Burchell<\/strong><br \/>\n<span class=\"HwtZe\" lang=\"es\">Asistente Ejecutiva<\/span><\/p>\n<p><strong>Laura Hancock, RDH<\/strong><br \/>\n<span class=\"HwtZe\" lang=\"es\">Coordinadora de Relaciones Profesionales \/ Control de Inventario<\/span><\/p>\n<p><strong><a href=\"https:\/\/wedgesc.com\/index.php\/software-development\/\" target=\"_blank\" rel=\"noopener noreferrer\">Wedge SC<\/a><br \/>\n<\/strong>Manejo de Infraestructura, Servicios de Base de Datos[\/vc_column_text][\/vc_column_inner][vc_column_inner width=&#8221;1\/2&#8243;][vc_column_text]<\/p>\n<h2 style=\"text-align: left !important;\">Dentistas Asociados<\/h2>\n<p style=\"font-weight: 400;\">Edward E. Herschaft, DDS<\/p>\n<p style=\"font-weight: 400;\">Laura Walls, DDS<\/p>\n<p>[\/vc_column_text][\/vc_column_inner][\/vc_row_inner][\/vc_tta_section][vc_tta_section title=&#8221;Nuestros Socios de Prevencion&#8221; tab_id=&#8221;about2&#8243;][vc_column_text]Health Promotion Specialists se asocia con los distritos escolares y la Divisi\u00f3n de Salud Bucal del Departamento de Salud y Control Ambiental por sus siglas en ingles (DHEC) de Carolina del Sur en un esfuerzo por disminuir la alta tasa de enfermedades dentales en estado.<\/p>\n<p>Como parte de un equipo de salud integral, tambi\u00e9n remitimos a los ni\u00f1os con necesidades de tratamiento adicionales a pediatras locales, enfermeras practicantes, logopedas, dentistas, etc<\/p>\n<ul>\n<li style=\"font-weight: 400;\">\n<h2><a href=\"https:\/\/www.hps-sc.com\/school-districts\/\" target=\"_blank\" rel=\"noopener noreferrer\">Distritos escolares<\/a><\/h2>\n<\/li>\n<li style=\"font-weight: 400;\">\n<h2><a href=\"https:\/\/scdhec.gov\/health\/oral-health\" target=\"_blank\" rel=\"noopener noreferrer\">SC DHEC, Division de salud oral<\/a><\/h2>\n<\/li>\n<li style=\"font-weight: 400;\">\n<h2><a href=\"https:\/\/www.cdc.gov\/oralhealth\/index.html\" target=\"_blank\" rel=\"noopener noreferrer\">CDC, Division de salud oral<\/a><\/h2>\n<\/li>\n<\/ul>\n<p>&nbsp;<\/p>\n<h3>Para solicitar informaci\u00f3n sobre c\u00f3mo convertirse en un socio de prevenci\u00f3n,<a href=\"https:\/\/www.hps-sc.com\/contact-us\/\">Contactenos<\/a>\u00a0hoy.<\/h3>\n<p>[\/vc_column_text][\/vc_tta_section][vc_tta_section title=&#8221;Personal Profesional y clinico:&#8221; tab_id=&#8221;about3&#8243;][vc_column_text]<\/p>\n<p style=\"font-weight: 400;\">Los higienistas dentales son los especialistas preventivos del equipo dental. Todos nuestros servicios son proporcionados por higienistas dentales registrados. Cada HPS RDH esta graduado de un programa acreditado de higiene dental, aprobado por las juntas nacionales y estatales, tienen licencia del estado, ademas reciben capacitaci\u00f3n adicional en concientizaci\u00f3n y prevenci\u00f3n del abuso infantil, conciencia cultural y est\u00e1 certificado en CED AED para adultos y ni\u00f1os y CPR o primeos auxilitos para beb\u00e9s.<\/p>\n<h3>Registered Dental Hygienists<\/h3>\n<ul>\n<li>Tracey Buddin, RDH \u2014 Florence 3 (Lake City), Berkeley, Charleston, Dorchester 4<\/li>\n<li>Kelley Cato, RDH \u2014 Lexington 2 &amp;4, Richland 2, York 1, 2 (Clover), Bamberg and Marlboro<\/li>\n<li>Amber Dominquez, RDH \u2014 Spartanburg 2 &amp; 3, Union, SC Public Charters<\/li>\n<li>Kim Fulmer, RDH \u2014 Lexington 3 &amp; 5, Edgefield and Saluda<\/li>\n<li>Judy Godfrey, RDH \u2014 Greenwood 51 (Ware Shoals) &amp; 52 (Ninety-Six), Spartanburg 4 (Woodruff) and Union<\/li>\n<li>Shaye Dase, RDH \u2014 McCormick, Pickens, Abbeville and Anderson 1,2,3,4,5<\/li>\n<li>Angela Sacco, RDH \u2014 \u00a0Lexington 1, Orangeburg and Calhoun<\/li>\n<li>Shawna Saldana, RDH \u2014 Charleston and Colleton<\/li>\n<\/ul>\n<p>&nbsp;<\/p>\n<h3>Para solicitar informaci\u00f3n sobre c\u00f3mo convertirse en un miembre de HPS, <a href=\"https:\/\/www.hps-sc.com\/contact-us\/\">cont\u00e1ctenos<\/a>\u00a0 hoy.<\/h3>\n<p>[\/vc_column_text][\/vc_tta_section][vc_tta_section title=&#8221;Socios Restaurativos&#8221; tab_id=&#8221;About4&#8243;][vc_column_text]<\/p>\n<p style=\"font-weight: 400;\">Sabemos que una gran cantidad de clientes que vemos en entornos escolares tienen numerosos obst\u00e1culos que impiden hacer y cumplir citas, especialmente citas para cosas que no est\u00e1n rotas o da\u00f1adas, como una cita de limpieza.<\/p>\n<p style=\"font-weight: 400;\">Al ofrecer este servicio en un entorno familiar, aumentamos la aceptaci\u00f3n y nos da la oportunidad de establecer comunicaci\u00f3n con los padres. Hemos visto que m\u00e1s ni\u00f1os est\u00e1n llegando a las oficinas para citas de restauraci\u00f3n desde que comenzamos en las escuelas. La mayor\u00eda de ellos no han ido regularmente en a\u00f1os anteriores. No realizamos ex\u00e1menes ni radiograf\u00edas, lo que permite que los servicios de restauraci\u00f3n de planificaci\u00f3n de tratamiento de la oficina tengan esa capacidad.<\/p>\n<p style=\"font-weight: 400;\">Cuando vemos a un ni\u00f1o en la escuela, tenemos la oportunidad de referirlos cada vez a un consultorio dental. Esto ayuda a reforzar la necesidad de ex\u00e1menes regulares y radiograf\u00edas, y por supuesto, todo el trabajo restaurativo necesario.<\/p>\n<p style=\"font-weight: 400;\">Damos la bienvenida a los socios restauradores para ayudarnos a completar el ciclo de atenci\u00f3n integral. Es &#8220;trabajar en equipo&#8221; en su mejor momento. Enviaremos los nombres de nuestros socios de restauraci\u00f3n a casa con cada ni\u00f1o, los incluiremos en los art\u00edculos del bolet\u00edn de la escuela, en nuestros tableros de anuncios en las ferias de salud y otros eventos en los que participamos.<\/p>\n<p style=\"font-weight: 400;\">Podemos compartir informaci\u00f3n con los socios de referencia sobre la atenci\u00f3n espec\u00edfica que reciben los ni\u00f1os y viceversa. Esto no es posible sin un acuerdo debido a las regulaciones de HIPAA. Tambi\u00e9n ayuda a evitar la duplicaci\u00f3n de servicios que agotan los d\u00f3lares de Medicaid disponibles para la atenci\u00f3n de restauraci\u00f3n y de emergencia. Nos permite a todos ser responsables y responsables.<\/p>\n<p><span style=\"font-family: Montserrat, Helvetica, Arial, sans-serif; font-size: 20px; letter-spacing: -0.2px;\">Para solicitar informaci\u00f3n sobre c\u00f3mo convertirse en un socio restaurador, <\/span><a style=\"font-family: Montserrat, Helvetica, Arial, sans-serif; font-size: 20px; letter-spacing: -0.2px;\" href=\"https:\/\/www.hps-sc.com\/contact-us\/\"> cont\u00e1ctenos<\/a><span style=\"font-family: Montserrat, Helvetica, Arial, sans-serif; font-size: 20px; letter-spacing: -0.2px;\">\u00a0 hoy.<\/span>[\/vc_column_text][\/vc_tta_section][vc_tta_section title=&#8221;Costo de enfermades dentales&#8221; tab_id=&#8221;About5&#8243;][vc_column_text]Por favor mira la siguiente informaci\u00f3n: <a href=\"https:\/\/www.hps-sc.com\/wp-content\/uploads\/2017\/03\/Cost-of-Dental-Disease.pdf\" target=\"_blank\" rel=\"noopener noreferrer\">Costo de enfermades dentales<\/a>[\/vc_column_text][\/vc_tta_section][\/vc_tta_tour][\/vc_column][\/vc_row]<\/p>","protected":false},"excerpt":{"rendered":"<p>[vc_row css=&#8221;.vc_custom_1554645706309{padding-top: 2% !important;padding-bottom: 2% !important;}&#8221;][vc_column][vc_column_text] [\/vc_column_text][\/vc_column][\/vc_row][vc_row css=&#8221;.vc_custom_1553757635047{background-image: url(http:\/\/box5644.temp.domains\/~hpssccom\/wp-content\/uploads\/2019\/03\/bookapp.jpg?id=749) !important;}&#8221;][vc_column][vc_row_inner][vc_column_inner width=&#8221;1\/2&#8243;][vc_single_image image=&#8221;872&#8243; img_size=&#8221;full&#8221;][\/vc_column_inner][vc_column_inner width=&#8221;1\/2&#8243;][dentalcare_info_box css=&#8221;.vc_custom_1555684312243{margin-top: 10% !important;margin-left: -25% !important;padding-top: 10% !important;padding-right: 10% !important;padding-bottom: 10% !important;padding-left: 10% !important;background-color: #42a6dc !important;}&#8221;] Health Promotion Specialists se creo en junio de 2000 como un catalizador para reducir los efectos devastadores de las enfermedades dentales en el estado de Carolina<\/p>\n","protected":false},"author":1,"featured_media":0,"parent":0,"menu_order":0,"comment_status":"closed","ping_status":"closed","template":"","meta":{"nf_dc_page":"","om_disable_all_campaigns":false,"footnotes":""},"class_list":["post-16","page","type-page","status-publish","hentry"],"jetpack_sharing_enabled":true,"_links":{"self":[{"href":"https:\/\/www.hps-sc.com\/es\/wp-json\/wp\/v2\/pages\/16","targetHints":{"allow":["GET"]}}],"collection":[{"href":"https:\/\/www.hps-sc.com\/es\/wp-json\/wp\/v2\/pages"}],"about":[{"href":"https:\/\/www.hps-sc.com\/es\/wp-json\/wp\/v2\/types\/page"}],"author":[{"embeddable":true,"href":"https:\/\/www.hps-sc.com\/es\/wp-json\/wp\/v2\/users\/1"}],"replies":[{"embeddable":true,"href":"https:\/\/www.hps-sc.com\/es\/wp-json\/wp\/v2\/comments?post=16"}],"version-history":[{"count":94,"href":"https:\/\/www.hps-sc.com\/es\/wp-json\/wp\/v2\/pages\/16\/revisions"}],"predecessor-version":[{"id":1782,"href":"https:\/\/www.hps-sc.com\/es\/wp-json\/wp\/v2\/pages\/16\/revisions\/1782"}],"wp:attachment":[{"href":"https:\/\/www.hps-sc.com\/es\/wp-json\/wp\/v2\/media?parent=16"}],"curies":[{"name":"wp","href":"https:\/\/api.w.org\/{rel}","templated":true}]}}