{"id":18,"date":"2019-03-23T12:56:23","date_gmt":"2019-03-23T12:56:23","guid":{"rendered":"http:\/\/box5644.temp.domains\/~hpssccom\/?page_id=18"},"modified":"2025-10-27T16:37:55","modified_gmt":"2025-10-27T21:37:55","slug":"our-services","status":"publish","type":"page","link":"https:\/\/www.hps-sc.com\/es\/our-services\/","title":{"rendered":"Otros Servicios"},"content":{"rendered":"<p>[vc_row css=&#8221;.vc_custom_1554650127709{padding-top: 3% !important;padding-bottom: 3% !important;}&#8221;][vc_column][vc_column_text]<strong>Sobre nuestros servicios<\/strong><\/p>\n<p>Nuestro primer objetivo es brindarle a su hijo los mejores servicios dentales preventivos disponibles.<\/p>\n<p>Nuestros dentistas e higienistas dentales registrados (RDH) est\u00e1n altamente capacitados en los m\u00e9todos m\u00e1s eficaces para mantener la buena salud dental de su hijo.<\/p>\n<p><strong>Visitas a las escuelas<\/strong><\/p>\n<p>Visitaremos la escuela de su hijo dos veces al a\u00f1o: en oto\u00f1o y de nuevo en primavera. Atenderemos a su hijo DENTRO de la escuela, NO sacamos a los alumnos del edificio escolar.<\/p>\n<p>Su hijo podr\u00e1 asistir a clase en horario normal, y solo estar\u00e1 fuera durante unos minutos mientras lo atendemos.<\/p>\n<p>Inspeccionaremos y revisaremos cualquier inquietud, proporcionaremos limpiezas, fl\u00faor y sellantes, y cuando sea necesario, empastes protectores. Adem\u00e1s, documentaremos y registraremos el desarrollo de los dientes.<\/p>\n<p>Nuestros procesos y personal est\u00e1n totalmente autorizados y certificados, y seguimos todos los procedimientos de la HIPAA para la seguridad de su hijo.<\/p>\n<p>&nbsp;<\/p>\n<p><strong>Costo<\/strong><\/p>\n<p>Si su hijo tiene Medicaid o SCHIP, no tendr\u00e1 que pagar nada.*<\/p>\n<p>Si tiene un seguro dental, tramitaremos su seguro por usted y le facturaremos cualquier cantidad que su seguro no pague.<\/p>\n<p>Si no tiene seguro dental o Medicaid, colaboraremos con usted.<\/p>\n<p>Despu\u00e9s del tratamiento, enviaremos la documentaci\u00f3n a casa con su hijo. Adem\u00e1s, la enfermera de la escuela tendr\u00e1 los registros del servicio.\u00a0 Tambi\u00e9n le proporcionaremos listas de dentistas locales para cualquier otro servicio que su hijo pueda necesitar.<\/p>\n<p>[\/vc_column_text][\/vc_column][\/vc_row][vc_row css=&#8221;.vc_custom_1554647921310{background-color: #676eb9 !important;}&#8221;][vc_column][vc_column_text]<\/p>\n<div class=\"row vertical-middle\">\n<div class=\"row vertical-middle\">\n<div class=\"col-md-8 col-lg-10\">\n<h4 class=\"tt-banner-label Raleway ml70\">Formulario de Consentimiento para Padres<\/h4>\n<p>&nbsp;<\/p>\n<div class=\"empty-space marg-sm-b30\"><\/div>\n<\/div>\n<div class=\"col-md-4 col-lg-2\"><a class=\"c-btn big white\" href=\"https:\/\/www.hps-sc.com\/form\">Clic Aqui<\/a><\/div>\n<\/div>\n<\/div>\n<p>[\/vc_column_text][\/vc_column][\/vc_row][vc_row css=&#8221;.vc_custom_1554649185677{padding-top: 2% !important;}&#8221; el_id=&#8221;demos&#8221;][vc_column][dentalcare_services_listing layout=&#8221;carousel&#8221; number=&#8221;4&#8243; column=&#8221;4&#8243; readmore_text=&#8221;Leer M\u00e1s&#8221; el_class=&#8221;services&#8221;][\/vc_column][\/vc_row][vc_row][vc_column][vc_column_text][\/vc_column_text][\/vc_column][\/vc_row][vc_row css=&#8221;.vc_custom_1554647921310{background-color: #676eb9 !important;}&#8221;][vc_column][vc_column_text]<\/p>\n<div class=\"row vertical-middle\">\n<div class=\"col-md-8 col-lg-10\">\n<h4 class=\"tt-banner-label Raleway ml70\">Si HPS no est\u00e1 actualmente en la escuela de su hijo, cont\u00e1ctenos hoy.<\/h4>\n<p>&nbsp;<\/p>\n<div class=\"empty-space marg-sm-b30\"><\/div>\n<\/div>\n<div class=\"col-md-4 col-lg-2\"><a class=\"c-btn big white\" href=\"https:\/\/www.hps-sc.com\/contact-us\/\"> Contactenos<\/a><\/div>\n<\/div>\n<p>[\/vc_column_text][\/vc_column][\/vc_row][vc_row css=&#8221;.vc_custom_1554650127709{padding-top: 3% !important;padding-bottom: 3% !important;}&#8221;][vc_column][vc_column_text]*Por favor, tenga en cuenta: Si su hijo acude actualmente a un dentista local, es posible que ya le hayan realizado estos servicios o que los tenga programados en su consulta. Por favor, consulte a su dentista. Medicaid y el seguro dental <strong><u>no cubrir\u00e1n<\/u><\/strong> las limpiezas y fluorizaciones m\u00e1s de una vez cada seis meses. Si su hijo tiene una visita de limpieza por un dentista dentro de los 6 meses de la visita del higienista a la escuela, su hijo no ser\u00e1 visto por nuestro higienista durante nuestra visita programada a la(s) escuela(s) de su(s) hijo(s) porque ya lo han revisado en otro lugar.[\/vc_column_text][\/vc_column][\/vc_row][vc_row][vc_column][vc_column_text][\/vc_column_text][\/vc_column][\/vc_row]<\/p>\n","protected":false},"excerpt":{"rendered":"<p>[vc_row css=&#8221;.vc_custom_1554650127709{padding-top: 3% !important;padding-bottom: 3% !important;}&#8221;][vc_column][vc_column_text]Sobre nuestros servicios Nuestro primer objetivo es brindarle a su hijo los mejores servicios dentales preventivos disponibles. Nuestros dentistas e higienistas dentales registrados (RDH) est\u00e1n altamente capacitados en los m\u00e9todos m\u00e1s eficaces para mantener la buena salud dental de su hijo. Visitas a las escuelas Visitaremos la escuela de su<\/p>\n","protected":false},"author":1,"featured_media":0,"parent":0,"menu_order":0,"comment_status":"closed","ping_status":"closed","template":"","meta":{"nf_dc_page":"","om_disable_all_campaigns":false,"footnotes":""},"class_list":["post-18","page","type-page","status-publish","hentry"],"jetpack_sharing_enabled":true,"_links":{"self":[{"href":"https:\/\/www.hps-sc.com\/es\/wp-json\/wp\/v2\/pages\/18","targetHints":{"allow":["GET"]}}],"collection":[{"href":"https:\/\/www.hps-sc.com\/es\/wp-json\/wp\/v2\/pages"}],"about":[{"href":"https:\/\/www.hps-sc.com\/es\/wp-json\/wp\/v2\/types\/page"}],"author":[{"embeddable":true,"href":"https:\/\/www.hps-sc.com\/es\/wp-json\/wp\/v2\/users\/1"}],"replies":[{"embeddable":true,"href":"https:\/\/www.hps-sc.com\/es\/wp-json\/wp\/v2\/comments?post=18"}],"version-history":[{"count":5,"href":"https:\/\/www.hps-sc.com\/es\/wp-json\/wp\/v2\/pages\/18\/revisions"}],"predecessor-version":[{"id":1798,"href":"https:\/\/www.hps-sc.com\/es\/wp-json\/wp\/v2\/pages\/18\/revisions\/1798"}],"wp:attachment":[{"href":"https:\/\/www.hps-sc.com\/es\/wp-json\/wp\/v2\/media?parent=18"}],"curies":[{"name":"wp","href":"https:\/\/api.w.org\/{rel}","templated":true}]}}