{"id":20,"date":"2019-03-23T12:58:32","date_gmt":"2019-03-23T12:58:32","guid":{"rendered":"http:\/\/box5644.temp.domains\/~hpssccom\/?page_id=20"},"modified":"2023-01-24T10:27:36","modified_gmt":"2023-01-24T15:27:36","slug":"parents","status":"publish","type":"page","link":"https:\/\/www.hps-sc.com\/es\/parents\/","title":{"rendered":"Padres"},"content":{"rendered":"<p>[vc_row css=&#8221;.vc_custom_1554651181013{margin-top: 5% !important;background-color: #676eb9 !important;}&#8221;][vc_column][vc_column_text]<\/p>\n<div class=\"row vertical-middle\">\n<div class=\"col-md-8 col-lg-10\">\n<h4 class=\"tt-banner-label Raleway ml70\">Formulario de Consentimiento para Padres<\/h4>\n<p>&nbsp;<\/p>\n<div class=\"empty-space marg-sm-b30\"><\/div>\n<\/div>\n<div class=\"col-md-4 col-lg-2\"><a class=\"c-btn big white\" href=\"https:\/\/www.hps-sc.com\/form\">Clic Aqui<\/a><\/div>\n<\/div>\n<p>[\/vc_column_text][\/vc_column][\/vc_row][vc_row css=&#8221;.vc_custom_1554651181013{margin-top: 5% !important;background-color: #676eb9 !important;}&#8221;][vc_column][vc_column_text]<\/p>\n<div class=\"row vertical-middle\">\n<div class=\"col-md-8 col-lg-10\">\n<h4 class=\"tt-banner-label Raleway ml70\">Pagar por los Servicios<\/h4>\n<p>&nbsp;<\/p>\n<div class=\"empty-space marg-sm-b30\"><\/div>\n<\/div>\n<div class=\"col-md-4 col-lg-2\">\n<div class=\"col-md-8 col-lg-10\">\n<div class=\"empty-space marg-sm-b30\"><\/div>\n<\/div>\n<div class=\"col-md-4 col-lg-2\"><a class=\"c-btn big white\" href=\"https:\/\/checkout.square.site\/merchant\/MLX99K2WYFB53\/checkout\/KQWXIFXFHGK6WETXIYASPQZX\">Clic Aqui<\/a><\/div>\n<\/div>\n<\/div>\n<p>[\/vc_column_text][\/vc_column][\/vc_row][vc_row][vc_column width=&#8221;1\/2&#8243;][vc_single_image image=&#8221;896&#8243; img_size=&#8221;full&#8221;][\/vc_column][vc_column width=&#8221;1\/2&#8243;][vc_column_text]<\/p>\n<p style=\"font-weight: 400;\">Se ha encontrado que los ni\u00f1os con boca sana se desempe\u00f1an mejor en la escuela y tienen m\u00e1s \u00e9xito en el futuro que los ni\u00f1os con caries y otros problemas dentales. Health Promotion Specialists cuentan con los recursos para ayudar a los padres a mantener la boca sana de sus hijos y mantenerlos saludables.<\/p>\n<p style=\"font-weight: 400;\">Los servicios preventivos se proporcionan en la escuela.<\/p>\n<ul>\n<li style=\"font-weight: 400;\">Permite m\u00e1s tiempo en el aula para los estudios.<\/li>\n<li style=\"font-weight: 400;\">Los padres \/ cuidadores no tienen que ausentarse del trabajo.<\/li>\n<li style=\"font-weight: 400;\">El transporte no es un problema.<\/li>\n<li style=\"font-weight: 400;\">Las derivaciones para necesidades de tratamiento adicionales se darian las referencias para los pediatras, terapeutas del habla, enfermeras practicantes, dentistas y otros proveedores de atenci\u00f3n m\u00e9dica que requieran.<\/li>\n<\/ul>\n<p>[\/vc_column_text][\/vc_column][\/vc_row][vc_row][vc_column][vc_column_text]<\/p>\n<h2>\u00bfSu hijo tiene selladores dentales?<\/h2>\n<p>\u00bfEs su escuela parte del programa estatal de prevenci\u00f3n dental? Si no, pregunte por qu\u00e9!<\/p>\n<p>El Programa de prevenci\u00f3n dental de HPS puede venir a su escuela sin cargo alguno para la escuela o el distrito escolar. Comun\u00edquese con el director de su escuela, los miembros de la junta escolar y el superintendente y exprese su inter\u00e9s en que HPS sirva a su (s) escuela (s).[\/vc_column_text][\/vc_column][\/vc_row][vc_row css=&#8221;.vc_custom_1554651181013{margin-top: 5% !important;background-color: #676eb9 !important;}&#8221;][vc_column][vc_column_text]<\/p>\n<div class=\"row vertical-middle\">\n<div class=\"col-md-8 col-lg-10\">\n<h4 class=\"tt-banner-label Raleway ml70\">Si HPS no est\u00e1 actualmente en la escuela de su hijo, cont\u00e1ctenos hoy.<\/h4>\n<p>&nbsp;<\/p>\n<div class=\"empty-space marg-sm-b30\"><\/div>\n<\/div>\n<div class=\"col-md-4 col-lg-2\"><a class=\"c-btn big white\" href=\"https:\/\/www.hps-sc.com\/contact-us\/\">Contactenos<\/a><\/div>\n<\/div>\n<p>[\/vc_column_text][\/vc_column][\/vc_row]<\/p>\n","protected":false},"excerpt":{"rendered":"<p>[vc_row css=&#8221;.vc_custom_1554651181013{margin-top: 5% !important;background-color: #676eb9 !important;}&#8221;][vc_column][vc_column_text] Formulario de Consentimiento para Padres &nbsp; Clic Aqui [\/vc_column_text][\/vc_column][\/vc_row][vc_row css=&#8221;.vc_custom_1554651181013{margin-top: 5% !important;background-color: #676eb9 !important;}&#8221;][vc_column][vc_column_text] Pagar por los Servicios &nbsp; Clic Aqui [\/vc_column_text][\/vc_column][\/vc_row][vc_row][vc_column width=&#8221;1\/2&#8243;][vc_single_image image=&#8221;896&#8243; img_size=&#8221;full&#8221;][\/vc_column][vc_column width=&#8221;1\/2&#8243;][vc_column_text] Se ha encontrado que los ni\u00f1os con boca sana se desempe\u00f1an mejor en la escuela y tienen m\u00e1s \u00e9xito en el futuro que<\/p>\n","protected":false},"author":1,"featured_media":0,"parent":0,"menu_order":0,"comment_status":"closed","ping_status":"closed","template":"","meta":{"nf_dc_page":"","om_disable_all_campaigns":false,"footnotes":""},"class_list":["post-20","page","type-page","status-publish","hentry"],"jetpack_sharing_enabled":true,"_links":{"self":[{"href":"https:\/\/www.hps-sc.com\/es\/wp-json\/wp\/v2\/pages\/20","targetHints":{"allow":["GET"]}}],"collection":[{"href":"https:\/\/www.hps-sc.com\/es\/wp-json\/wp\/v2\/pages"}],"about":[{"href":"https:\/\/www.hps-sc.com\/es\/wp-json\/wp\/v2\/types\/page"}],"author":[{"embeddable":true,"href":"https:\/\/www.hps-sc.com\/es\/wp-json\/wp\/v2\/users\/1"}],"replies":[{"embeddable":true,"href":"https:\/\/www.hps-sc.com\/es\/wp-json\/wp\/v2\/comments?post=20"}],"version-history":[{"count":82,"href":"https:\/\/www.hps-sc.com\/es\/wp-json\/wp\/v2\/pages\/20\/revisions"}],"predecessor-version":[{"id":1764,"href":"https:\/\/www.hps-sc.com\/es\/wp-json\/wp\/v2\/pages\/20\/revisions\/1764"}],"wp:attachment":[{"href":"https:\/\/www.hps-sc.com\/es\/wp-json\/wp\/v2\/media?parent=20"}],"curies":[{"name":"wp","href":"https:\/\/api.w.org\/{rel}","templated":true}]}}