{"id":24,"date":"2019-03-23T13:06:52","date_gmt":"2019-03-23T13:06:52","guid":{"rendered":"http:\/\/box5644.temp.domains\/~hpssccom\/?page_id=24"},"modified":"2023-01-26T13:07:20","modified_gmt":"2023-01-26T18:07:20","slug":"school-districts","status":"publish","type":"page","link":"https:\/\/www.hps-sc.com\/es\/school-districts\/","title":{"rendered":"Distritos Escolares"},"content":{"rendered":"<p>[vc_row][vc_column][vc_column_text][\/vc_column_text][\/vc_column][\/vc_row][vc_row css=&#8221;.vc_custom_1553762797277{margin-top: 2% !important;}&#8221;][vc_column][dentalcare_custom_heading heading=&#8221;Buenas noticias:&#8221; heading_two=&#8221;la mayor\u00eda de las enfermedades dentales se pueden prevenir y, si se detectan en las primeras etapas, se pueden detener o revertir&#8221;][vc_column_text css=&#8221;.vc_custom_1556028203426{padding-top: 2% !important;}&#8221;]La Directora del CDC, Julie Gerberding, MD, declar\u00f3: &#8220;Si m\u00e1s comunidades implementaran estos programas, podr\u00edamos salvar a muchos ni\u00f1os de dolores y sufrimientos innecesarios y ahorrar al pais millones de d\u00f3lares en costos de atenci\u00f3n dental&#8221;.[\/vc_column_text][vc_column_text]<\/p>\n<h2 style=\"font-weight: 400;\"><strong>HPS beneficia a escuelas y ni\u00f1os<\/strong><\/h2>\n<ul>\n<li style=\"font-weight: 400;\">Sin costo para el distrito escolar.<\/li>\n<li style=\"font-weight: 400;\">Se pierde menos tiempo en el aula al recibir servicios preventivos en la escuela.<\/li>\n<li style=\"font-weight: 400;\">Programa enfatiza la prevenci\u00f3n y la educaci\u00f3n. Los higienistas dentales (RDH) registrados de HPS est\u00e1n disponibles como recursos para hablar en reuniones de la PTA \/ PTO, ferias de salud, clases para padres y otras oportunidades educativas.<\/li>\n<li style=\"font-weight: 400;\">No discriminatorio y disponible para todos los ni\u00f1os con el permiso de un padre. No es un programa exclusivo de Medicaid.<\/li>\n<li style=\"font-weight: 400;\">HPS alivia la mayor\u00eda de las responsabilidades de salud oral de las enfermeras escolares.<\/li>\n<li style=\"font-weight: 400;\">HPS sirve a los distritos escolares en todo el estado desde el a\u00f1o 2000.<\/li>\n<li style=\"font-weight: 400;\">Brindamos informes sobre servicios dentales a enfermeras escolares y distritos<\/li>\n<\/ul>\n<p>[\/vc_column_text][\/vc_column][\/vc_row][vc_row css=&#8221;.vc_custom_1553761868016{margin-top: 5% !important;background-color: #676cb8 !important;}&#8221;][vc_column][vc_column_text]<\/p>\n<div class=\"row vertical-middle\">\n<div class=\"col-md-8 col-lg-10\">\n<h4 class=\"tt-banner-label Raleway ml70\">Si HPS no est\u00e1 actualmente en la escuela de su hijo, cont\u00e1ctenos hoy.<\/h4>\n<p>&nbsp;<\/p>\n<div class=\"empty-space marg-sm-b30\"><\/div>\n<\/div>\n<div class=\"col-md-4 col-lg-2\"><a class=\"c-btn big white\" href=\"https:\/\/www.hps-sc.com\/contact-us\/\">Contactenos<\/a><\/div>\n<\/div>\n<p>[\/vc_column_text][\/vc_column][\/vc_row][vc_row][vc_column][vc_tta_tour][vc_tta_section title=&#8221;Personal de Apoyo administrativo&#8221; tab_id=&#8221;1553762023975-d5ab718d-555f&#8221;][vc_row_inner][vc_column_inner width=&#8221;1\/2&#8243;][vc_column_text]<\/p>\n<h2 style=\"font-weight: 400;\">Personal de Apoyo administrativo<\/h2>\n<p style=\"font-weight: 400;\"><strong>Tammi O. Byrd, RDH<\/strong><\/p>\n<p style=\"font-weight: 400;\">CEO, Directora Clinica<\/p>\n<p style=\"font-weight: 400;\"><strong>Shana Burchell<\/strong><\/p>\n<p style=\"font-weight: 400;\">Gerente de control de inventario y Equipos<\/p>\n<p style=\"font-weight: 400;\"><strong>Laura Hancock, RDH<\/strong><\/p>\n<p style=\"font-weight: 400;\"><span class=\"HwtZe\" lang=\"es\">Coordinadora de Relaciones Profesionales \/ Control de Inventario<\/span><\/p>\n<p style=\"font-weight: 400;\"><strong><a href=\"https:\/\/wedgesc.com\/index.php\/software-development\/\" target=\"_blank\" rel=\"noopener noreferrer\">Wedge SC<\/a><br \/>\n<\/strong>Manejo de Infraestructura, Servicios de Base de Datos<\/p>\n<p>[\/vc_column_text][\/vc_column_inner][vc_column_inner width=&#8221;1\/2&#8243;][vc_column_text]<\/p>\n<h2 style=\"text-align: left !important;\">Dentistas Asociados<\/h2>\n<p style=\"font-weight: 400;\">Edward E. Herschaft, DDS<\/p>\n<p style=\"font-weight: 400;\">Laura Walls, DDS<\/p>\n<p>[\/vc_column_text][\/vc_column_inner][\/vc_row_inner][\/vc_tta_section][vc_tta_section title=&#8221;Higienistas dentales registrados:&#8221; tab_id=&#8221;1553762024157-3c28b350-f299&#8243;][vc_column_text]Dental hygienists are the preventive specialists of the dental team. All of our services are provided by registered dental hygienists.<\/p>\n<p>Each HPS RDH is recognized by an accredited dental hygiene program, has passed national and state boards, is licensed by the state, has additional training in child abuse awareness and prevention, cultural awareness and is certified in adult and child CPR, AED, and infant CPR.<\/p>\n<h2 style=\"font-weight: 400;\"><strong>Higienistas dentales registrados:<\/strong><\/h2>\n<ul>\n<li>Tracey Buddin, RDH \u2014 Florence 3 (Lake City), Berkeley, Charleston, Dorchester 4<\/li>\n<li>Kelley Cato, RDH \u2014 Lexington 2 &amp;4, Richland 2, York 1, 2 (Clover), Bamberg and Marlboro<\/li>\n<li>Amber Dominquez, RDH \u2014 Spartanburg 2 &amp; 3, Union, SC Public Charters<\/li>\n<li>Kim Fulmer, RDH \u2014 Lexington 3 &amp; 5, Edgefield and Saluda<\/li>\n<li>Judy Godfrey, RDH \u2014 Greenwood 51 (Ware Shoals) &amp; 52 (Ninety-Six), Spartanburg 4 (Woodruff) and Union<\/li>\n<li>Shaye Dase, RDH \u2014 McCormick, Pickens, Abbeville and Anderson 1,2,3,4,5<\/li>\n<li>Angela Sacco, RDH \u2014 \u00a0Lexington 1, Orangeburg and Calhoun<\/li>\n<li>Shawna Saldana, RDH \u2014 Charleston and Colleton<\/li>\n<\/ul>\n<p>&nbsp;<\/p>\n<p>&nbsp;<\/p>\n<p>*Todo el personal se somete a verificaciones de antecedentes a trav\u00e9s del Centro Nacional de Iniciativas de Seguridad<\/p>\n<h3 style=\"font-weight: 400;\"><strong>Para solicitar informaci\u00f3n sobre c\u00f3mo convertirse en un socio restaurador, <a href=\"https:\/\/www.hps-sc.com\/contact-us\/\">cont\u00e1ctenos hoy<\/a>.<\/strong><\/h3>\n<p>[\/vc_column_text][\/vc_tta_section][vc_tta_section title=&#8221;Socios Restaurativos&#8221; tab_id=&#8221;1553762464091-631bd2da-72eb&#8221;][vc_column_text]<\/p>\n<div id=\"container\">\n<div id=\"mainContent\">\n<p style=\"font-weight: 400;\">Sabemos que una gran cantidad de clientes que vemos en entornos escolares tienen numerosos obst\u00e1culos que impiden hacer y cumplir citas, especialmente citas para cosas que no est\u00e1n rotas o da\u00f1adas, como una cita de limpieza.<\/p>\n<p style=\"font-weight: 400;\">Al ofrecer este servicio en un entorno familiar, aumentamos la aceptaci\u00f3n y nos da la oportunidad de establecer comunicaci\u00f3n con los padres. Hemos visto que m\u00e1s ni\u00f1os est\u00e1n llegando a las oficinas para citas de restauraci\u00f3n desde que comenzamos en las escuelas. La mayor\u00eda de ellos no han ido regularmente en a\u00f1os anteriores. No realizamos ex\u00e1menes ni radiograf\u00edas, lo que permite que los servicios de restauraci\u00f3n de planificaci\u00f3n de tratamiento de la oficina tengan esa capacidad.<\/p>\n<p style=\"font-weight: 400;\">Cuando vemos a un ni\u00f1o en la escuela, tenemos la oportunidad de referirlos cada vez a un consultorio dental. Esto ayuda a reforzar la necesidad de ex\u00e1menes regulares y radiograf\u00edas, y por supuesto, todo el trabajo restaurativo necesario.<\/p>\n<p style=\"font-weight: 400;\">Damos la bienvenida a los socios restauradores para ayudarnos a completar el ciclo de atenci\u00f3n integral. Es &#8220;trabajar en equipo&#8221; en su mejor momento. Enviaremos los nombres de nuestros socios de restauraci\u00f3n a casa con cada ni\u00f1o, los incluiremos en los art\u00edculos del bolet\u00edn de la escuela, en nuestros tableros de anuncios en las ferias de salud y otros eventos en los que participamos.<\/p>\n<p style=\"font-weight: 400;\">Podemos compartir informaci\u00f3n con los socios de referencia sobre la atenci\u00f3n espec\u00edfica que reciben los ni\u00f1os y viceversa. Esto no es posible sin un acuerdo debido a las regulaciones de HIPAA. Tambi\u00e9n ayuda a evitar la duplicaci\u00f3n de servicios que agotan los d\u00f3lares de Medicaid disponibles para la atenci\u00f3n de restauraci\u00f3n y de emergencia. Nos permite a todos ser responsables y responsables.<\/p>\n<h3 style=\"font-weight: 400;\"><strong>Para solicitar informaci\u00f3n sobre c\u00f3mo convertirse en un socio restaurador, <a href=\"https:\/\/www.hps-sc.com\/contact-us\/\">cont\u00e1ctenos hoy<\/a>.<\/strong><\/h3>\n<h3><\/h3>\n<\/div>\n<\/div>\n<p>[\/vc_column_text][\/vc_tta_section][vc_tta_section title=&#8221;Socios de Prevencion&#8221; tab_id=&#8221;1553762548405-e9950aa8-40ac&#8221;][vc_column_text]<\/p>\n<p style=\"font-weight: 400;\">Health Promotion Specialists se asocia con los distritos escolares y la Divisi\u00f3n de Salud Bucal del Departamento de Salud y Control Ambiental por sus siglas en ingles (DHEC) de Carolina del Sur en un esfuerzo por disminuir la alta tasa de enfermedades dentales en estado.<\/p>\n<p style=\"font-weight: 400;\">Como parte de un equipo de salud integral, tambi\u00e9n remitimos a los ni\u00f1os con necesidades de tratamiento adicionales a pediatras locales, enfermeras practicantes, logopedas, dentistas, etc.<\/p>\n<h2><a href=\"https:\/\/www.cdc.gov\/oralhealth\/index.html\" target=\"_blank\" rel=\"noopener noreferrer\">CDC, Division de salud oral<\/a><\/h2>\n<h2><a href=\"https:\/\/www.d2l.org\/\" target=\"_blank\" rel=\"noopener noreferrer\">Darkness to Light<\/a><\/h2>\n<p>&nbsp;<\/p>\n<h3><b><span lang=\"ES-US\">Para solicitar informaci\u00f3n sobre c\u00f3mo convertirse en un socio de prevenci\u00f3n, <a href=\"https:\/\/www.hps-sc.com\/es\/contact-us\/\" target=\"_blank\" rel=\"noopener noreferrer\">cont\u00e1ctenos hoy.<\/a><\/span><\/b><\/h3>\n<p>[\/vc_column_text][\/vc_tta_section][vc_tta_section title=&#8221;Costo de Enfermedades Dentales&#8221; tab_id=&#8221;1553762638678-f5475d34-9802&#8243;][vc_column_text]Por favor mira la siguiente informaci\u00f3n: <a href=\"https:\/\/www.hps-sc.com\/wp-content\/uploads\/2017\/03\/Cost-of-Dental-Disease.pdf\" target=\"_blank\" rel=\"noopener noreferrer\">Costo de Enfermedades Dentales<\/a>[\/vc_column_text][\/vc_tta_section][\/vc_tta_tour][\/vc_column][\/vc_row][vc_row][vc_column][vc_column_text][\/vc_column_text][\/vc_column][\/vc_row]<\/p>\n","protected":false},"excerpt":{"rendered":"<p>[vc_row][vc_column][vc_column_text][\/vc_column_text][\/vc_column][\/vc_row][vc_row css=&#8221;.vc_custom_1553762797277{margin-top: 2% !important;}&#8221;][vc_column][dentalcare_custom_heading heading=&#8221;Buenas noticias:&#8221; heading_two=&#8221;la mayor\u00eda de las enfermedades dentales se pueden prevenir y, si se detectan en las primeras etapas, se pueden detener o revertir&#8221;][vc_column_text css=&#8221;.vc_custom_1556028203426{padding-top: 2% !important;}&#8221;]La Directora del CDC, Julie Gerberding, MD, declar\u00f3: &#8220;Si m\u00e1s comunidades implementaran estos programas, podr\u00edamos salvar a muchos ni\u00f1os de dolores y sufrimientos innecesarios y<\/p>\n","protected":false},"author":1,"featured_media":0,"parent":0,"menu_order":0,"comment_status":"closed","ping_status":"closed","template":"","meta":{"nf_dc_page":"","om_disable_all_campaigns":false,"footnotes":""},"class_list":["post-24","page","type-page","status-publish","hentry"],"jetpack_sharing_enabled":true,"_links":{"self":[{"href":"https:\/\/www.hps-sc.com\/es\/wp-json\/wp\/v2\/pages\/24","targetHints":{"allow":["GET"]}}],"collection":[{"href":"https:\/\/www.hps-sc.com\/es\/wp-json\/wp\/v2\/pages"}],"about":[{"href":"https:\/\/www.hps-sc.com\/es\/wp-json\/wp\/v2\/types\/page"}],"author":[{"embeddable":true,"href":"https:\/\/www.hps-sc.com\/es\/wp-json\/wp\/v2\/users\/1"}],"replies":[{"embeddable":true,"href":"https:\/\/www.hps-sc.com\/es\/wp-json\/wp\/v2\/comments?post=24"}],"version-history":[{"count":71,"href":"https:\/\/www.hps-sc.com\/es\/wp-json\/wp\/v2\/pages\/24\/revisions"}],"predecessor-version":[{"id":1774,"href":"https:\/\/www.hps-sc.com\/es\/wp-json\/wp\/v2\/pages\/24\/revisions\/1774"}],"wp:attachment":[{"href":"https:\/\/www.hps-sc.com\/es\/wp-json\/wp\/v2\/media?parent=24"}],"curies":[{"name":"wp","href":"https:\/\/api.w.org\/{rel}","templated":true}]}}