{"id":26,"date":"2019-03-23T13:08:19","date_gmt":"2019-03-23T13:08:19","guid":{"rendered":"http:\/\/box5644.temp.domains\/~hpssccom\/?page_id=26"},"modified":"2023-01-27T15:17:43","modified_gmt":"2023-01-27T20:17:43","slug":"health-professionals","status":"publish","type":"page","link":"https:\/\/www.hps-sc.com\/es\/health-professionals\/","title":{"rendered":"Profesionales de Salud"},"content":{"rendered":"<p>[vc_row][vc_column width=&#8221;1\/2&#8243;][vc_column_text]<\/p>\n<p style=\"font-weight: 400;\">Mientras que los Centros para el Control de Enfermedades de los Estados Unidos han apoyado a todas las comunidades que tienen programas de selladores escolares, la Asociaci\u00f3n Dental Americana (ADA) ha agregado su voz colectiva en apoyo de todas las comunidades que tienen programas de selladores escolares. El 28 de abril de 2009, el presidente de la ADA, el Dr. John S. Findley, envi\u00f3 una carta al presidente Obama solicitando que se incluyera la salud bucal en la reforma de salud. Su carta dec\u00eda: &#8220;Sabemos que la prevenci\u00f3n Funciona y que es rentable. Una peque\u00f1a inversi\u00f3n en unas pocas actividades preventivas simples puede ahorrar millones de d\u00f3lares en el tratamiento posterior de la salud bucal.<\/p>\n<p style=\"font-weight: 400;\">Mejorar el financiamiento para medidas preventivas comprobadas y rentables, como la fluorizaci\u00f3n del agua en la comunidad y los programas de selladores en las escuelas, puede complementar la atenci\u00f3n domiciliaria para prevenir enfermedades dentales a las personas que corren m\u00e1s riesgo &#8220;.<\/p>\n<p>[\/vc_column_text][\/vc_column][vc_column width=&#8221;1\/2&#8243;][vc_single_image image=&#8221;852&#8243; img_size=&#8221;full&#8221;][\/vc_column][\/vc_row][vc_row css=&#8221;.vc_custom_1554655009712{margin-top: 2% !important;}&#8221;][vc_column width=&#8221;1\/2&#8243;][vc_single_image image=&#8221;913&#8243; img_size=&#8221;full&#8221;][\/vc_column][vc_column width=&#8221;1\/2&#8243;][vc_column_text]<\/p>\n<div style=\"text-align: justify;\">\n<p>Nosotros en Health Promotion Specialists est\u00e1n encantados de haber estado al frente de estas medidas preventivas en Carolina del Sur durante m\u00e1s de nueve a\u00f1os. El programa HPS es diferente de otros programas en una forma fundamental: prevenimos la enfermedad en lugar de identificarla y remitirla para recibir tratamiento. HPS es parte de un equipo integral de salud colaborativa.<\/p>\n<p style=\"font-weight: 400;\">Nos asociamos con el Departamento de Salud y Control Ambiental de Carolina del Sur(SC DHEC) para brindar educaci\u00f3n y servicios preventivos y remitir a los ni\u00f1os a servicios adicionales a m\u00e9dicos, dentistas, logopedas, etc. Trabajamos con los recursos locales dentro de la comunidad y participamos en actividades comunitarias para promover la salud. . Es una victoria para todos los involucrados. Los ni\u00f1os ganan al experimentar menos caries y dolor, los distritos escolares ganan al mejorar la salud de los estudiantes, lo que aumenta sus oportunidades de aprender, los proveedores de la comunidad local ganan por referencias para las necesidades de tratamiento adicionales de los ni\u00f1os y los contribuyentes ganan a trav\u00e9s de la prevenci\u00f3n de enfermedad en lugar de tener que pagar por un tratamiento m\u00e1s costoso.<\/p>\n<\/div>\n<p>[\/vc_column_text][\/vc_column][\/vc_row][vc_row css=&#8221;.vc_custom_1554655527614{margin-top: 3% !important;}&#8221;][vc_column][dentalcare_custom_heading heading=&#8221;RDHs buscando &#8221; heading_two=&#8221;empleo&#8221;][vc_column_text]<\/p>\n<div style=\"text-align: justify;\">\n<ul type=\"disc\">\n<li class=\"m_6329008609527697605MsoListParagraph\"><span lang=\"ES-US\">HPS no tiene actualmente ninguna posici\u00f3n abierta para el empleo. Sin embargo, mantenemos los res\u00famenes en el archivo en todo momento para futuras posiciones.<u><\/u><u><\/u><\/span><\/li>\n<li class=\"m_6329008609527697605MsoListParagraph\"><span lang=\"ES-US\">Si eres un auto motivador con un coraz\u00f3n para los ni\u00f1os, tienes las cualidades que buscamos. Debe ser flexible, tener un esp\u00edritu amable y ser capaz de trabajar como parte de un gran equipo.<u><\/u><u><\/u><\/span><\/li>\n<li class=\"m_6329008609527697605MsoListParagraph\"><span lang=\"ES-US\">Si est\u00e1 interesado en ser considerado para una futura posici\u00f3n dentro de un entorno escolar, contactenos por <a href=\"http:\/\/www.hps-sc.com\/es\/employment\">aqui,<\/a>\u00a0 o fax al 803-407-7938.<\/span><\/li>\n<\/ul>\n<\/div>\n<p>[\/vc_column_text][vc_column_text]<\/p>\n<h2 style=\"font-weight: 400;\"><strong>Estatus y Limitaciones<\/strong><\/h2>\n<p style=\"font-weight: 400;\"><a href=\"https:\/\/www.scstatehouse.gov\/code\/t40c015.php\" target=\"_blank\" rel=\"noopener noreferrer\">Ley del estado de Carolina del Sur \u2013 El arte de la practica dental<\/a><\/p>\n<p style=\"font-weight: 400;\"><a href=\"https:\/\/www.scstatehouse.gov\/coderegs\/Chapter%2039.pdf\" target=\"_blank\" rel=\"noopener noreferrer\">Regulaciones del Estado de Carolina del Sur en relacion a dentista.<\/a><\/p>\n<p style=\"font-weight: 400;\"><a href=\"https:\/\/llr.sc.gov\/bod\/\">Junta del estado de Carolina del Sur\u00a0<\/a><\/p>\n<p>[\/vc_column_text][\/vc_column][\/vc_row]<\/p>\n","protected":false},"excerpt":{"rendered":"<p>[vc_row][vc_column width=&#8221;1\/2&#8243;][vc_column_text] Mientras que los Centros para el Control de Enfermedades de los Estados Unidos han apoyado a todas las comunidades que tienen programas de selladores escolares, la Asociaci\u00f3n Dental Americana (ADA) ha agregado su voz colectiva en apoyo de todas las comunidades que tienen programas de selladores escolares. El 28 de abril de 2009,<\/p>\n","protected":false},"author":1,"featured_media":0,"parent":0,"menu_order":0,"comment_status":"closed","ping_status":"closed","template":"","meta":{"nf_dc_page":"","om_disable_all_campaigns":false,"footnotes":""},"class_list":["post-26","page","type-page","status-publish","hentry"],"jetpack_sharing_enabled":true,"_links":{"self":[{"href":"https:\/\/www.hps-sc.com\/es\/wp-json\/wp\/v2\/pages\/26","targetHints":{"allow":["GET"]}}],"collection":[{"href":"https:\/\/www.hps-sc.com\/es\/wp-json\/wp\/v2\/pages"}],"about":[{"href":"https:\/\/www.hps-sc.com\/es\/wp-json\/wp\/v2\/types\/page"}],"author":[{"embeddable":true,"href":"https:\/\/www.hps-sc.com\/es\/wp-json\/wp\/v2\/users\/1"}],"replies":[{"embeddable":true,"href":"https:\/\/www.hps-sc.com\/es\/wp-json\/wp\/v2\/comments?post=26"}],"version-history":[{"count":28,"href":"https:\/\/www.hps-sc.com\/es\/wp-json\/wp\/v2\/pages\/26\/revisions"}],"predecessor-version":[{"id":1775,"href":"https:\/\/www.hps-sc.com\/es\/wp-json\/wp\/v2\/pages\/26\/revisions\/1775"}],"wp:attachment":[{"href":"https:\/\/www.hps-sc.com\/es\/wp-json\/wp\/v2\/media?parent=26"}],"curies":[{"name":"wp","href":"https:\/\/api.w.org\/{rel}","templated":true}]}}