{"id":1082,"date":"2019-05-06T16:02:30","date_gmt":"2019-05-06T16:02:30","guid":{"rendered":"http:\/\/box5644.temp.domains\/~hpssccom\/?page_id=1082"},"modified":"2019-08-09T16:53:19","modified_gmt":"2019-08-09T16:53:19","slug":"employment","status":"publish","type":"page","link":"https:\/\/www.hps-sc.com\/pb\/employment\/","title":{"rendered":"(English) Employment"},"content":{"rendered":"<p class=\"qtranxs-available-languages-message qtranxs-available-languages-message-pb\">Desculpe-nos, mas este texto est\u00e1 apenas dispon\u00edvel em <a href=\"https:\/\/www.hps-sc.com\/en\/wp-json\/wp\/v2\/pages\/1082\" class=\"qtranxs-available-language-link qtranxs-available-language-link-en\" title=\"English\">English<\/a> y <a href=\"https:\/\/www.hps-sc.com\/es\/wp-json\/wp\/v2\/pages\/1082\" class=\"qtranxs-available-language-link qtranxs-available-language-link-es\" title=\"Espa\u00f1ol\">Espa\u00f1ol<\/a>.<\/p>\n","protected":false},"excerpt":{"rendered":"<p>Desculpe-nos, mas este texto est\u00e1 apenas dispon\u00edvel em English y Espa\u00f1ol.<\/p>\n","protected":false},"author":1,"featured_media":0,"parent":0,"menu_order":0,"comment_status":"closed","ping_status":"closed","template":"","meta":{"nf_dc_page":"","om_disable_all_campaigns":false,"footnotes":""},"class_list":["post-1082","page","type-page","status-publish","hentry"],"jetpack_sharing_enabled":true,"_links":{"self":[{"href":"https:\/\/www.hps-sc.com\/pb\/wp-json\/wp\/v2\/pages\/1082","targetHints":{"allow":["GET"]}}],"collection":[{"href":"https:\/\/www.hps-sc.com\/pb\/wp-json\/wp\/v2\/pages"}],"about":[{"href":"https:\/\/www.hps-sc.com\/pb\/wp-json\/wp\/v2\/types\/page"}],"author":[{"embeddable":true,"href":"https:\/\/www.hps-sc.com\/pb\/wp-json\/wp\/v2\/users\/1"}],"replies":[{"embeddable":true,"href":"https:\/\/www.hps-sc.com\/pb\/wp-json\/wp\/v2\/comments?post=1082"}],"version-history":[{"count":8,"href":"https:\/\/www.hps-sc.com\/pb\/wp-json\/wp\/v2\/pages\/1082\/revisions"}],"predecessor-version":[{"id":1214,"href":"https:\/\/www.hps-sc.com\/pb\/wp-json\/wp\/v2\/pages\/1082\/revisions\/1214"}],"wp:attachment":[{"href":"https:\/\/www.hps-sc.com\/pb\/wp-json\/wp\/v2\/media?parent=1082"}],"curies":[{"name":"wp","href":"https:\/\/api.w.org\/{rel}","templated":true}]}}