{"id":1366,"date":"2022-01-26T14:12:11","date_gmt":"2022-01-26T19:12:11","guid":{"rendered":"https:\/\/www.hps-sc.com\/?page_id=1366"},"modified":"2023-01-27T15:28:07","modified_gmt":"2023-01-27T20:28:07","slug":"improving-maintaining-oral-health","status":"publish","type":"page","link":"https:\/\/www.hps-sc.com\/pb\/improving-maintaining-oral-health\/","title":{"rendered":"Melhorar\/Manter a Sa\u00fade Bucal"},"content":{"rendered":"<p>[vc_row css=&#8221;.vc_custom_1643327205194{padding-top: 8% !important;padding-bottom: 8% !important;}&#8221;][vc_column][vc_column_text]<\/p>\n<h4 class=\"tt-title h4 no-desc\" style=\"color: #13304f; font-size: 30px !important; text-align: center !important;\">Higiene Oral Adequada <span style=\"color: #1f6bbe;\">(Cuidados dom\u00e9sticos)<\/span><\/h4>\n<p>&nbsp;<\/p>\n<p style=\"text-align: center;\">A sa\u00fade oral est\u00e1 diretamente relacionada \u00e0 sa\u00fade geral. Se sua boca n\u00e3o est\u00e1 saud\u00e1vel, seu risco de doen\u00e7a card\u00edaca e doen\u00e7a respirat\u00f3ria aumenta e h\u00e1 uma correla\u00e7\u00e3o direta entre diabetes e uma boca insalubre.<\/p>\n<p style=\"text-align: center;\">Aprender a manter sua boca saud\u00e1vel afetar\u00e1 todo o seu corpo.<\/p>\n<p>[\/vc_column_text][vc_row_inner][vc_column_inner][vc_column_text]<\/p>\n<h4 class=\"tt-title h4 no-desc\" style=\"color: #13304f; font-size: 30px !important; text-align: center !important;\">Limpeza <span style=\"color: #1f6bbe;\">Entre os Dentes<\/span><\/h4>\n<p>&nbsp;<\/p>\n<p style=\"text-align: center;\">Para evitar c\u00e1ries e doen\u00e7as nas gengivas, \u00e9 importante limpar os dentes. Isso pode ser feito com v\u00e1rias ferramentas. Um dos mais f\u00e1ceis e eficazes \u00e9 o uso do jato irrigador dental. Escovas interdentais e palhetas tamb\u00e9m s\u00e3o \u00fateis para usar. Consulte o seu higienista dental para orienta\u00e7\u00f5es adicionais.<\/p>\n<p>[\/vc_column_text][\/vc_column_inner][\/vc_row_inner][\/vc_column][\/vc_row][vc_row content_placement=&#8221;middle&#8221; css=&#8221;.vc_custom_1643225068222{margin-top: 2% !important;}&#8221;][vc_column width=&#8221;1\/4&#8243;][vc_column_text]<\/p>\n<h4 class=\"tt-title h4 no-desc\" style=\"color: #13304f; font-size: 30px !important;\">Escova\u00e7\u00e3o<\/h4>\n<h4 class=\"tt-title h4 no-desc\" style=\"color: #13304f; font-size: 30px !important;\"><span style=\"color: #1f6bbe;\">O Jeito Correto<\/span><\/h4>\n<p>&nbsp;<\/p>\n<ol class=\"text\">\n<li>A escova\u00e7\u00e3o deve ser feita duas vezes ao dia com um creme dental com fl\u00faor.<\/li>\n<li>\u00c9 importante escovar antes de ir para a cama.<\/li>\n<li>Os pais devem escovar para uma crian\u00e7a at\u00e9 que ele\/ela esteja com 8-9 anos de idade, pelo menos uma vez por dia.<\/li>\n<\/ol>\n<p>[\/vc_column_text][\/vc_column][vc_column width=&#8221;3\/4&#8243;][vc_column_text]<\/p>\n<p style=\"text-align: center;\"><iframe loading=\"lazy\" title=\"YouTube video player\" src=\"https:\/\/www.youtube.com\/embed\/LiFVMikAg70\" width=\"750\" height=\"422\" frameborder=\"0\" allowfullscreen=\"allowfullscreen\"><\/iframe><\/p>\n<p>[\/vc_column_text][\/vc_column][\/vc_row][vc_row content_placement=&#8221;middle&#8221; css=&#8221;.vc_custom_1643225068222{margin-top: 2% !important;}&#8221;][vc_column width=&#8221;1\/4&#8243;][vc_column_text]<\/p>\n<h4 class=\"tt-title h4 no-desc\" style=\"color: #13304f; font-size: 30px !important;\">Fio dental<\/h4>\n<h4 class=\"tt-title h4 no-desc\" style=\"color: #13304f; font-size: 30px !important;\"><span style=\"color: #1f6bbe;\">Corretamente<\/span><\/h4>\n<p>[\/vc_column_text][\/vc_column][vc_column width=&#8221;3\/4&#8243;][vc_column_text]<\/p>\n<p style=\"text-align: center;\"><iframe loading=\"lazy\" title=\"YouTube video player\" src=\"https:\/\/www.youtube.com\/embed\/noExCv6n2oc\" width=\"750\" height=\"422\" frameborder=\"0\" allowfullscreen=\"allowfullscreen\"><\/iframe><\/p>\n<p>[\/vc_column_text][\/vc_column][\/vc_row][vc_row content_placement=&#8221;middle&#8221; css=&#8221;.vc_custom_1643225068222{margin-top: 2% !important;}&#8221;][vc_column width=&#8221;1\/4&#8243;][vc_column_text]<\/p>\n<h4 class=\"tt-title h4 no-desc\" style=\"color: #13304f; font-size: 30px !important;\">Jato irrigador dental<\/h4>\n<h4 class=\"tt-title h4 no-desc\" style=\"color: #13304f; font-size: 30px !important;\"><span style=\"color: #1f6bbe;\">Tutorial<\/span><\/h4>\n<p>[\/vc_column_text][\/vc_column][vc_column width=&#8221;3\/4&#8243;][vc_column_text]<\/p>\n<p style=\"text-align: center;\"><iframe loading=\"lazy\" title=\"YouTube video player\" src=\"https:\/\/www.youtube.com\/embed\/tmBcEf2jfks\" width=\"750\" height=\"422\" frameborder=\"0\" allowfullscreen=\"allowfullscreen\"><\/iframe><\/p>\n<p>[\/vc_column_text][\/vc_column][\/vc_row][vc_row content_placement=&#8221;middle&#8221; css=&#8221;.vc_custom_1643225068222{margin-top: 2% !important;}&#8221;][vc_column width=&#8221;1\/4&#8243;][vc_column_text]<\/p>\n<h4 class=\"tt-title h4 no-desc\" style=\"color: #13304f; font-size: 30px !important;\">Escova e fio dental<\/h4>\n<h4 class=\"tt-title h4 no-desc\" style=\"color: #13304f; font-size: 30px !important;\"><span style=\"color: #1f6bbe;\">Ao Mesmo Tempo!<\/span><\/h4>\n<p>[\/vc_column_text][\/vc_column][vc_column width=&#8221;3\/4&#8243;][vc_column_text]<\/p>\n<p style=\"text-align: center;\"><iframe loading=\"lazy\" title=\"YouTube video player\" src=\"https:\/\/www.youtube.com\/embed\/LwM5ZxmcMBE\" width=\"750\" height=\"422\" frameborder=\"0\" allowfullscreen=\"allowfullscreen\"><\/iframe><\/p>\n<p>[\/vc_column_text][\/vc_column][\/vc_row][vc_row content_placement=&#8221;middle&#8221; css=&#8221;.vc_custom_1643226130463{margin-top: 8% !important;margin-bottom: 8% !important;}&#8221;][vc_column width=&#8221;1\/2&#8243;][vc_column_text]<\/p>\n<h4 class=\"tt-title h4 no-desc\" style=\"color: #13304f; font-size: 30px !important;\">Beb\u00ea\/Crian\u00e7a pequena<\/h4>\n<h4 class=\"tt-title h4 no-desc\" style=\"color: #13304f; font-size: 30px !important;\"><span style=\"color: #1f6bbe;\">Sa\u00fade Bucal<\/span><\/h4>\n<p>&nbsp;<\/p>\n<ol class=\"text\">\n<li>Nunca coloque um beb\u00ea para dormir com uma mamadeira<\/li>\n<li>Coloque apenas leite ou f\u00f3rmula nas mamadeiras<\/li>\n<li>Fique longe de TODOS os refrigerantes e bebidas esportivas<\/li>\n<li>Evite sucos de frutas \u2013 coma frutas frescas ao inv\u00e9s<\/li>\n<li>Use apenas \u00e1gua em copos de canudinho, a menos que seja numa refei\u00e7\u00e3o, quando o leite pode ser adicionado<\/li>\n<li>N\u00e3o permita que as crian\u00e7as andem com copos de canudinhos<\/li>\n<\/ol>\n<p>[\/vc_column_text][\/vc_column][vc_column width=&#8221;1\/2&#8243;][vc_column_text]<\/p>\n<h4 class=\"tt-title h4 no-desc\" style=\"color: #13304f; font-size: 30px !important;\">XYLITOL<\/h4>\n<h4 class=\"tt-title h4 no-desc\" style=\"color: #13304f; font-size: 30px !important;\"><span style=\"color: #1f6bbe;\">Op\u00e7\u00e3o Natural<br \/>\n<\/span><\/h4>\n<p>&nbsp;<\/p>\n<p>O xilitol \u00e9 um substituto do a\u00e7\u00facar de baixa caloria que ocorre naturalmente e que demonstrou reduzir as bact\u00e9rias que causam c\u00e1ries dent\u00e1rias, infec\u00e7\u00f5es de ouvido e doen\u00e7as respirat\u00f3rias. \u00c9 um \u00e1lcool de a\u00e7\u00facar derivado principalmente de b\u00e9tula e outras \u00e1rvores de madeira dura. A goma de mascar de xilitol est\u00e1 dispon\u00edvel na maioria das lojas. A \u201cIce Breakers, Ice Cubes\u201d \u00e9 a \u00fanica goma de mascar prontamente dispon\u00edvel tendo o xilitol como o ingrediente n\u00famero um. V\u00e1rios sites oferecem produtos de xilitol. <strong>Mantenha longe de seus animais de estima\u00e7\u00e3o \u2013 Xilitol matar\u00e1 c\u00e3es e gatos!<\/strong><\/p>\n<p><strong>\u00a0<\/strong>[\/vc_column_text][\/vc_column][\/vc_row][vc_row content_placement=&#8221;middle&#8221; css=&#8221;.vc_custom_1643226130463{margin-top: 8% !important;margin-bottom: 8% !important;}&#8221;][vc_column width=&#8221;1\/2&#8243;][vc_column_text]<\/p>\n<h4 class=\"tt-title h4 no-desc\" style=\"color: #13304f; font-size: 30px !important;\">Nutri\u00e7\u00e3o<\/h4>\n<h4 class=\"tt-title h4 no-desc\" style=\"color: #13304f; font-size: 30px !important;\"><span style=\"color: #1f6bbe;\">Alimenta\u00e7\u00e3o Saud\u00e1vel<\/span><\/h4>\n<p>&nbsp;<\/p>\n<p>Boca + A\u00e7\u00facar = \u00c1CIDO que agride seu dente (se transforma em \u00e1cido em 20 segundos e leva 20 minutos para neutralizar novamente) Se voc\u00ea tomar outro \u201cgole\u201d ou comer outro peda\u00e7o, ele come\u00e7a novamente. \u00c9 melhor comer a\u00e7\u00facar de uma s\u00f3 vez e parar. Beber bebidas com a\u00e7\u00facar e\/ou comer pastilhas ou balas com a\u00e7\u00facar ao longo do dia, mant\u00e9m o \u00e1cido nos dentes dissolvendo o esmalte. Lanche Inteligente.[\/vc_column_text][\/vc_column][vc_column width=&#8221;1\/2&#8243;][vc_column_text]<\/p>\n<h4 class=\"tt-title h4 no-desc\" style=\"color: #13304f; font-size: 30px !important;\">Fumo<\/h4>\n<h4 class=\"tt-title h4 no-desc\" style=\"color: #13304f; font-size: 30px !important;\"><span style=\"color: #1f6bbe;\">Preven\u00e7\u00e3o\/Interrup\u00e7\u00e3o<\/span><\/h4>\n<p>&nbsp;<\/p>\n<p>Nutri\u00e7\u00e3o\/Alimenta\u00e7\u00e3o Saud\u00e1vel (texto mais tr\u00eas subcategorias \u2013 refrigerante, lanches saud\u00e1veis e xilitol) O que comemos e bebemos afeta diretamente a sa\u00fade total do nosso corpo. Os a\u00e7\u00facares, quando n\u00e3o consumidos com modera\u00e7\u00e3o, t\u00eam fortes efeitos prejudiciais sobre nossa sa\u00fade bucal e sa\u00fade geral. Ao olhar para a c\u00e1rie dent\u00e1ria, a frequ\u00eancia do a\u00e7\u00facar \u00e9 um fator MUITO importante.[\/vc_column_text][\/vc_column][\/vc_row][vc_row content_placement=&#8221;middle&#8221; css=&#8221;.vc_custom_1643226130463{margin-top: 8% !important;margin-bottom: 8% !important;}&#8221;][vc_column][vc_column_text]<\/p>\n<h4 class=\"tt-title h4 no-desc\" style=\"color: #13304f; font-size: 30px !important; text-align: center !important;\">Publica\u00e7\u00f5es <span style=\"color: #1f6bbe;\">Adicionais<\/span><\/h4>\n<h5 style=\"text-align: center;\"><a href=\"https:\/\/www.mchoralhealth.org\/\">Sa\u00fade Materno-Infantil \/ Publica\u00e7\u00f5es de Sa\u00fade Bucal<\/a><\/h5>\n<p>[\/vc_column_text][\/vc_column][\/vc_row]<\/p>\n","protected":false},"excerpt":{"rendered":"<p>[vc_row css=&#8221;.vc_custom_1643327205194{padding-top: 8% !important;padding-bottom: 8% !important;}&#8221;][vc_column][vc_column_text] Higiene Oral Adequada (Cuidados dom\u00e9sticos) &nbsp; A sa\u00fade oral est\u00e1 diretamente relacionada \u00e0 sa\u00fade geral. Se sua boca n\u00e3o est\u00e1 saud\u00e1vel, seu risco de doen\u00e7a card\u00edaca e doen\u00e7a respirat\u00f3ria aumenta e h\u00e1 uma correla\u00e7\u00e3o direta entre diabetes e uma boca insalubre. Aprender a manter sua boca saud\u00e1vel afetar\u00e1 todo<\/p>\n","protected":false},"author":1,"featured_media":0,"parent":0,"menu_order":0,"comment_status":"closed","ping_status":"closed","template":"","meta":{"nf_dc_page":"","om_disable_all_campaigns":false,"footnotes":""},"class_list":["post-1366","page","type-page","status-publish","hentry"],"jetpack_sharing_enabled":true,"_links":{"self":[{"href":"https:\/\/www.hps-sc.com\/pb\/wp-json\/wp\/v2\/pages\/1366","targetHints":{"allow":["GET"]}}],"collection":[{"href":"https:\/\/www.hps-sc.com\/pb\/wp-json\/wp\/v2\/pages"}],"about":[{"href":"https:\/\/www.hps-sc.com\/pb\/wp-json\/wp\/v2\/types\/page"}],"author":[{"embeddable":true,"href":"https:\/\/www.hps-sc.com\/pb\/wp-json\/wp\/v2\/users\/1"}],"replies":[{"embeddable":true,"href":"https:\/\/www.hps-sc.com\/pb\/wp-json\/wp\/v2\/comments?post=1366"}],"version-history":[{"count":41,"href":"https:\/\/www.hps-sc.com\/pb\/wp-json\/wp\/v2\/pages\/1366\/revisions"}],"predecessor-version":[{"id":1778,"href":"https:\/\/www.hps-sc.com\/pb\/wp-json\/wp\/v2\/pages\/1366\/revisions\/1778"}],"wp:attachment":[{"href":"https:\/\/www.hps-sc.com\/pb\/wp-json\/wp\/v2\/media?parent=1366"}],"curies":[{"name":"wp","href":"https:\/\/api.w.org\/{rel}","templated":true}]}}