{"id":16,"date":"2019-03-23T12:43:21","date_gmt":"2019-03-23T12:43:21","guid":{"rendered":"http:\/\/box5644.temp.domains\/~hpssccom\/?page_id=16"},"modified":"2023-01-31T10:43:27","modified_gmt":"2023-01-31T15:43:27","slug":"about","status":"publish","type":"page","link":"https:\/\/www.hps-sc.com\/pb\/about\/","title":{"rendered":"Sobre"},"content":{"rendered":"<p>[vc_row css=&#8221;.vc_custom_1553757635047{background-image: url(http:\/\/box5644.temp.domains\/~hpssccom\/wp-content\/uploads\/2019\/03\/bookapp.jpg?id=749) !important;}&#8221;][vc_column][vc_row_inner][vc_column_inner width=&#8221;1\/2&#8243;][vc_single_image image=&#8221;872&#8243; img_size=&#8221;full&#8221;][\/vc_column_inner][vc_column_inner width=&#8221;1\/2&#8243;][dentalcare_info_box css=&#8221;.vc_custom_1673891713726{margin-top: 10% !important;margin-left: -25% !important;padding-top: 10% !important;padding-right: 10% !important;padding-bottom: 10% !important;padding-left: 10% !important;background-color: #42a6dc !important;}&#8221;]<\/p>\n<p style=\"color: #ffffff; text-align: justify !important;\">O HPS (Especialistas em Promo\u00e7\u00e3o da Sa\u00fade) foi criado em junho de 2000 como um catalisador para retardar os efeitos devastadores da doen\u00e7a dent\u00e1ria na Carolina do Sul. Embora evit\u00e1vel, a doen\u00e7a dent\u00e1ria \u00e9 a doen\u00e7a cr\u00f4nica n\u00famero um das crian\u00e7as e a segunda doen\u00e7a mais cara de se tratar nos Estados Unidos \u2013 mais cara do que o c\u00e2ncer e o diabetes. O HPS se concentra na preven\u00e7\u00e3o de doen\u00e7as dent\u00e1rias e ensina as crian\u00e7as a fazerem escolhas s\u00e1bias que afetar\u00e3o positivamente sua sa\u00fade geral e seu futuro.<\/p>\n<p>[\/dentalcare_info_box][\/vc_column_inner][\/vc_row_inner][\/vc_column][\/vc_row][vc_row css=&#8221;.vc_custom_1554645809366{margin-top: 2% !important;}&#8221;][vc_column width=&#8221;1\/3&#8243;][vc_column_text]<\/p>\n<h4 class=\"tt-title h4 no-desc\" style=\"color: #13304f; font-size: 30px !important;\">Uma<span style=\"color: #1f6bbe;\"> Equipe de Sa\u00fade Abrangente e Colaborativa <\/span><\/h4>\n<p>&nbsp;<\/p>\n<ul class=\"text\">\n<li>Parcerias com distritos escolares e comunidades para fornecer educa\u00e7\u00e3o em sa\u00fade preventiva e servi\u00e7os de sa\u00fade bucal<\/li>\n<li>Encaminha as crian\u00e7as para m\u00e9dicos locais, dentistas, fonoaudi\u00f3logos, etc. para quaisquer servi\u00e7os adicionais necess\u00e1rios<\/li>\n<li>Trabalha com recursos comunit\u00e1rios e participa de atividades comunit\u00e1rias para promover a sa\u00fade<\/li>\n<\/ul>\n<p>[\/vc_column_text][\/vc_column][vc_column width=&#8221;1\/3&#8243;][vc_column_text]<\/p>\n<h4 class=\"tt-title h4 no-desc\" style=\"color: #13304f; font-size: 30px !important;\">Uma situa\u00e7\u00e3o vencedora<br \/>\n<span style=\"color: #1f6bbe;\">para todos os envolvidos<\/span><\/h4>\n<p>&nbsp;<\/p>\n<ul class=\"text\">\n<li>As crian\u00e7as ganham por ter menos c\u00e1ries e dor<\/li>\n<li>Os distritos escolares ganham com a melhoria da sa\u00fade das crian\u00e7as e, assim, aumentam as oportunidades de aprender<\/li>\n<li>Os provedores da comunidade ganham com o aumento das refer\u00eancias para os cuidados necess\u00e1rios<\/li>\n<li>Os contribuintes ganham atrav\u00e9s da preven\u00e7\u00e3o de doen\u00e7as, em vez de ter que pagar por um tratamento mais caro<\/li>\n<\/ul>\n<p>[\/vc_column_text][\/vc_column][vc_column width=&#8221;1\/3&#8243;][vc_column_text]<\/p>\n<h4 class=\"tt-title h4 no-desc\" style=\"color: #13304f; font-size: 30px !important;\">O HPS \u00e9<br \/>\n<span style=\"color: #1f6bbe;\">diferente de outros programas<\/span><\/h4>\n<p>&nbsp;<\/p>\n<ul class=\"text\">\n<li>Outros programas procuram furos (cavidades) nos dentes das crian\u00e7as para encaminh\u00e1-las para o reparo ou corrigi-los no local.<\/li>\n<li>O objetivo do HPS \u00e9 evitar os furos (cavidades). Encaminhamos as crian\u00e7as para os cuidados necess\u00e1rios, mas nosso principal objetivo \u00e9 a preven\u00e7\u00e3o<\/li>\n<li>Historicamente falando, os cuidados com a sa\u00fade controlaram e pararam as doen\u00e7as atrav\u00e9s da preven\u00e7\u00e3o (exemplo, var\u00edola, poliomielite e hepatite B). Tratar as doen\u00e7as n\u00e3o as abrandou nem as deteve. \u00c9 preciso preven\u00e7\u00e3o.<\/li>\n<li>Os selantes dent\u00e1rios s\u00e3o a \u201cimuniza\u00e7\u00e3o\u201d para combater a c\u00e1rie dent\u00e1ria.<\/li>\n<\/ul>\n<p>[\/vc_column_text][\/vc_column][\/vc_row][vc_row css=&#8221;.vc_custom_1554647284723{margin-top: 5% !important;margin-bottom: 5% !important;padding-left: 2% !important;background-color: #676cb8 !important;}&#8221;][vc_column][vc_column_text]<\/p>\n<div class=\"row vertical-middle\">\n<div class=\"col-md-8 col-lg-10\">\n<h4 style=\"font-size: 28px !important; color: #ffffff;\"><strong>Desde que comenz\u00f3 el programa HPS en las escuelas, el estado de la salud oral ha cambiado para mejor en los ni\u00f1os de Carolina del Sur.<\/strong><\/h4>\n<p>&nbsp;<\/p>\n<div class=\"empty-space marg-sm-b30\"><\/div>\n<\/div>\n<div class=\"col-md-4 col-lg-2\"><strong><a class=\"c-btn big white\" href=\"https:\/\/www.hps-sc.com\/contact-us\/\">Contacto<\/a><\/strong><\/div>\n<\/div>\n<p>[\/vc_column_text][\/vc_column][\/vc_row][vc_row][vc_column][vc_tta_tour][vc_tta_section title=&#8221;Equipe de Apoio Administrativo&#8221; tab_id=&#8221;about1&#8243;][vc_row_inner][vc_column_inner width=&#8221;1\/2&#8243;][vc_column_text]<\/p>\n<h2 style=\"text-align: left;\">Pessoal de Apoio Administrativo<\/h2>\n<p><strong>Tammi O. Byrd, RDH<\/strong><br \/>\nCEO, Diretor Cl\u00ednico<\/p>\n<p><strong>Shana Burchell<\/strong><br \/>\nAssistente executivo<\/p>\n<p><strong>Laura Hancock, RDH<\/strong><br \/>\nCoordenadora de Rela\u00e7\u00f5es Profissionais \/ Controle de Estoques<\/p>\n<p><strong><a href=\"https:\/\/wedgesc.com\/index.php\/software-development\/\" target=\"_blank\" rel=\"noopener noreferrer\">Wedge SC<\/a><br \/>\n<\/strong>Gerenciamento de infraestrutura, servi\u00e7os de banco de dados[\/vc_column_text][\/vc_column_inner][vc_column_inner width=&#8221;1\/2&#8243;][vc_column_text]<\/p>\n<h2 style=\"text-align: left !important;\">Dentistas Associados<\/h2>\n<p style=\"font-weight: 400;\">Edward E. Herschaft, DDS<\/p>\n<p style=\"font-weight: 400;\">Laura Walls, DDS<\/p>\n<p>[\/vc_column_text][\/vc_column_inner][\/vc_row_inner][\/vc_tta_section][vc_tta_section title=&#8221;Parceiros de Preven\u00e7\u00e3o&#8221; tab_id=&#8221;about2&#8243;][vc_column_text]<span lang=\"PT-BR\">Especialistas em Promo\u00e7\u00e3o da Sa\u00fade fazem parceria com distritos escolares em um esfor\u00e7o para diminuir a alta taxa de doen\u00e7as dent\u00e1rias na SC.<\/span><\/p>\n<p><span lang=\"PT-BR\">Como parte de uma equipe de sa\u00fade abrangente, tamb\u00e9m encaminhamos todas as crian\u00e7as com necessidades adicionais de tratamento para pediatras locais, enfermeiros, fonoaudi\u00f3logos, dentistas, etc.<\/span><\/p>\n<h2><a href=\"https:\/\/www.cdc.gov\/oralhealth\/index.html\" target=\"_blank\" rel=\"noopener noreferrer\">Divis\u00e3o de Sa\u00fade Oral do CDC<\/a><\/h2>\n<h2><a href=\"https:\/\/www.d2l.org\/\" target=\"_blank\" rel=\"noopener noreferrer\">Da escurid\u00e3o para a Luz<\/a><\/h2>\n<p>&nbsp;<\/p>\n<h3><b><span lang=\"ES-US\">Para obter informa\u00e7\u00f5es sobre como se tornar um parceiro de preven\u00e7\u00e3o, <a href=\"https:\/\/www.hps-sc.com\/contact-us\/\">contate-nos<\/a> hoje mesmo.<\/span><\/b><\/h3>\n<p>[\/vc_column_text][\/vc_tta_section][vc_tta_section title=&#8221;Higienistas Dent\u00e1rios Registrados:&#8221; tab_id=&#8221;about3&#8243;][vc_column_text]<\/p>\n<p style=\"font-weight: 400;\">Higienistas dentais s\u00e3o os especialistas preventivos da equipe odontol\u00f3gica. Todos os nossos servi\u00e7os s\u00e3o prestados por higienistas dentais registrados. Cada HPS RDH \u00e9 graduado em um programa de higiene dental credenciado, aprovado pelos conselhos nacional e estadual, \u00e9 licenciado pelo estado, recebe treinamento adicional em conscientiza\u00e7\u00e3o e preven\u00e7\u00e3o de abuso infantil, conscientiza\u00e7\u00e3o cultural e \u00e9 certificado CED AED para adultos e crian\u00e7as. e CPR ou primeiros socorros infantis.<\/p>\n<h3>Higienistas Dentais Registrados<\/h3>\n<ul>\n<li>Tracey Buddin, RDH \u2014 Florence 3 (Lake City), Berkeley, Charleston, Dorchester 4<\/li>\n<li>Kelley Cato, RDH \u2014 Lexington 2 &amp;4, Richland 2, York 1, 2 (Clover), Bamberg and Marlboro<\/li>\n<li>Amber Dominquez, RDH \u2014 Spartanburg 2 &amp; 3, Union, SC Public Charters<\/li>\n<li>Kim Fulmer, RDH \u2014 Lexington 3 &amp; 5, Edgefield and Saluda<\/li>\n<li>Judy Godfrey, RDH \u2014 Greenwood 51 (Ware Shoals) &amp; 52 (Ninety-Six), Spartanburg 4 (Woodruff) and Union<\/li>\n<li>Shaye Dase, RDH \u2014 McCormick, Pickens, Abbeville and Anderson 1,2,3,4,5<\/li>\n<li>Angela Sacco, RDH \u2014 \u00a0Lexington 1, Orangeburg and Calhoun<\/li>\n<li>Shawna Saldana, RDH \u2014 Charleston and Colleton<\/li>\n<\/ul>\n<p>&nbsp;<\/p>\n<h3>Para solicitar informaci\u00f3n sobre c\u00f3mo convertirse en un miembre de HPS, <a href=\"https:\/\/www.hps-sc.com\/contact-us\/\">cont\u00e1ctenos<\/a>\u00a0 hoy.<\/h3>\n<p>[\/vc_column_text][\/vc_tta_section][vc_tta_section title=&#8221;Parceiros Restauradores&#8221; tab_id=&#8221;About4&#8243;][vc_column_text]Sabemos que muitos clientes que vemos em ambientes escolares t\u00eam in\u00fameros obst\u00e1culos para marcar e manter compromissos, especialmente compromissos para coisas que n\u00e3o est\u00e3o quebradas ou danificadas, como uma consulta de limpeza.<\/p>\n<p>Ao oferecer este servi\u00e7o em ambiente familiar, aumentamos a aceita\u00e7\u00e3o e damos-nos a oportunidade de estabelecer comunica\u00e7\u00e3o com os pais. Temos visto mais crian\u00e7as entrando em escrit\u00f3rios para consultas de restaura\u00e7\u00e3o desde que come\u00e7amos nas escolas. A maioria deles n\u00e3o foi regularmente nos anos anteriores. N\u00e3o realizamos exames ou radiografias, permitindo que os servi\u00e7os restauradores de planejamento de tratamento do consult\u00f3rio tenham essa capacidade.<\/p>\n<p>Quando atendemos uma crian\u00e7a na escola, temos a oportunidade de encaminh\u00e1-la a cada vez para um consult\u00f3rio odontol\u00f3gico. Isso ajuda a refor\u00e7ar a necessidade de exames e radiografias regulares e, claro, qualquer trabalho de restaura\u00e7\u00e3o necess\u00e1rio.<\/p>\n<p>Congratulamo-nos com parceiros restauradores para nos ajudar a completar o ciclo completo de cuidados. \u00c9 &#8220;trabalho em equipe&#8221; no seu melhor. Enviaremos os nomes de nossos parceiros de alimenta\u00e7\u00e3o para casa com cada crian\u00e7a, incluindo-os em artigos de boletim escolar, em nossos quadros de avisos em feiras de sa\u00fade e outros eventos dos quais participamos.<\/p>\n<p>Podemos compartilhar informa\u00e7\u00f5es com parceiros de refer\u00eancia sobre os cuidados espec\u00edficos que as crian\u00e7as recebem e vice-versa. Isso n\u00e3o \u00e9 poss\u00edvel sem um acordo devido aos regulamentos da HIPAA. Tamb\u00e9m ajuda a evitar a duplica\u00e7\u00e3o de servi\u00e7os que esgotam os d\u00f3lares do Medicaid dispon\u00edveis para cuidados restaurativos e de emerg\u00eancia. Isso permite que todos n\u00f3s sejamos respons\u00e1veis \u200b\u200be respons\u00e1veis.<\/p>\n<p><strong>Para solicitar informa\u00e7\u00f5es sobre como se tornar um Parceiro Restaurativo, entre em contato conosco hoje mesmo.<\/strong>[\/vc_column_text][\/vc_tta_section][vc_tta_section title=&#8221;Custo da Doen\u00e7a Dent\u00e1ria&#8221; tab_id=&#8221;About5&#8243;][vc_column_text]Consulte a seguinte informa\u00e7\u00e3o: <a href=\"https:\/\/www.hps-sc.com\/wp-content\/uploads\/2017\/03\/Cost-of-Dental-Disease.pdf\" target=\"_blank\" rel=\"noopener noreferrer\">Custo das doen\u00e7as dent\u00e1rias<\/a>[\/vc_column_text][\/vc_tta_section][\/vc_tta_tour][\/vc_column][\/vc_row]<\/p>","protected":false},"excerpt":{"rendered":"<p>[vc_row css=&#8221;.vc_custom_1553757635047{background-image: url(http:\/\/box5644.temp.domains\/~hpssccom\/wp-content\/uploads\/2019\/03\/bookapp.jpg?id=749) !important;}&#8221;][vc_column][vc_row_inner][vc_column_inner width=&#8221;1\/2&#8243;][vc_single_image image=&#8221;872&#8243; img_size=&#8221;full&#8221;][\/vc_column_inner][vc_column_inner width=&#8221;1\/2&#8243;][dentalcare_info_box css=&#8221;.vc_custom_1673891713726{margin-top: 10% !important;margin-left: -25% !important;padding-top: 10% !important;padding-right: 10% !important;padding-bottom: 10% !important;padding-left: 10% !important;background-color: #42a6dc !important;}&#8221;] O HPS (Especialistas em Promo\u00e7\u00e3o da Sa\u00fade) foi criado em junho de 2000 como um catalisador para retardar os efeitos devastadores da doen\u00e7a dent\u00e1ria na Carolina do Sul. Embora evit\u00e1vel, a doen\u00e7a<\/p>\n","protected":false},"author":1,"featured_media":0,"parent":0,"menu_order":0,"comment_status":"closed","ping_status":"closed","template":"","meta":{"nf_dc_page":"","om_disable_all_campaigns":false,"footnotes":""},"class_list":["post-16","page","type-page","status-publish","hentry"],"jetpack_sharing_enabled":true,"_links":{"self":[{"href":"https:\/\/www.hps-sc.com\/pb\/wp-json\/wp\/v2\/pages\/16","targetHints":{"allow":["GET"]}}],"collection":[{"href":"https:\/\/www.hps-sc.com\/pb\/wp-json\/wp\/v2\/pages"}],"about":[{"href":"https:\/\/www.hps-sc.com\/pb\/wp-json\/wp\/v2\/types\/page"}],"author":[{"embeddable":true,"href":"https:\/\/www.hps-sc.com\/pb\/wp-json\/wp\/v2\/users\/1"}],"replies":[{"embeddable":true,"href":"https:\/\/www.hps-sc.com\/pb\/wp-json\/wp\/v2\/comments?post=16"}],"version-history":[{"count":94,"href":"https:\/\/www.hps-sc.com\/pb\/wp-json\/wp\/v2\/pages\/16\/revisions"}],"predecessor-version":[{"id":1782,"href":"https:\/\/www.hps-sc.com\/pb\/wp-json\/wp\/v2\/pages\/16\/revisions\/1782"}],"wp:attachment":[{"href":"https:\/\/www.hps-sc.com\/pb\/wp-json\/wp\/v2\/media?parent=16"}],"curies":[{"name":"wp","href":"https:\/\/api.w.org\/{rel}","templated":true}]}}