{"id":18,"date":"2019-03-23T12:56:23","date_gmt":"2019-03-23T12:56:23","guid":{"rendered":"http:\/\/box5644.temp.domains\/~hpssccom\/?page_id=18"},"modified":"2025-10-27T16:37:55","modified_gmt":"2025-10-27T21:37:55","slug":"our-services","status":"publish","type":"page","link":"https:\/\/www.hps-sc.com\/pb\/our-services\/","title":{"rendered":"Nossos Servi\u00e7os"},"content":{"rendered":"<p>[vc_row][vc_column][vc_column_text]<\/p>\n<h3><span lang=\"PT-BR\">Sobre Nossos Servi\u00e7os<\/span><\/h3>\n<p class=\"menu-item\"><span lang=\"PT-BR\">Nosso principal objetivo \u00e9 fornecer ao seu filho os melhores servi\u00e7os odontol\u00f3gicos preventivos dispon\u00edveis.<\/span><\/p>\n<p class=\"menu-item\"><span lang=\"PT-BR\">Nossos dentistas e higienistas dent\u00e1rios registrados (RDH) s\u00e3o altamente treinados nos m\u00e9todos mais eficazes para manter a sa\u00fade dental do seu filho.<\/span><\/p>\n<h3><span lang=\"PT-BR\">Visitas Escolares<\/span><\/h3>\n<p class=\"menu-item\"><span lang=\"PT-BR\">Visitaremos a escola do seu filho duas vezes por ano; no outono e novamente na primavera. Trataremos seu filho NA escola \u2013 N\u00c3O tiramos os alunos do pr\u00e9dio da escola.<\/span><\/p>\n<p class=\"menu-item\"><span lang=\"PT-BR\">Seu filho poder\u00e1 comparecer aos hor\u00e1rios normais de aula e s\u00f3 ficar\u00e1 fora por alguns minutos enquanto fornecemos seus servi\u00e7os.<\/span><\/p>\n<p class=\"menu-item\"><span lang=\"PT-BR\">Inspecionaremos e analisaremos quaisquer preocupa\u00e7\u00f5es, forneceremos limpezas, fl\u00faor e selantes e, quando necess\u00e1rio, obtura\u00e7\u00f5es protetoras, e documentaremos e tra\u00e7aremos o desenvolvimento dos dentes.<\/span><\/p>\n<p class=\"menu-item\"><span lang=\"PT-BR\">Nossos processos e funcion\u00e1rios s\u00e3o totalmente licenciados e certificados, e seguimos todos os procedimentos da HIPAA para a seguran\u00e7a do seu filho.<\/span><\/p>\n<h3><span lang=\"PT-BR\">Custo<\/span><\/h3>\n<blockquote>\n<ul>\n<li>Se o seu filho tem Medicaid ou SCHIP, n\u00e3o haver\u00e1 nenhum custo para voc\u00ea.*<\/li>\n<li>Se voc\u00ea tem seguro odontol\u00f3gico, vamos acionar o seu seguro para voc\u00ea, e cobr\u00e1-lo por qualquer valor adicional.<\/li>\n<li>Se voc\u00ea n\u00e3o tiver seguro odontol\u00f3gico ou Medicaid, trabalharemos com voc\u00ea.<\/li>\n<\/ul>\n<\/blockquote>\n<p>&nbsp;<\/p>\n<p class=\"menu-item\"><span lang=\"PT-BR\">Enviaremos a documenta\u00e7\u00e3o para casa com seu filho ap\u00f3s o tratamento, e sua enfermeira da escola ter\u00e1 registros do servi\u00e7o. Tamb\u00e9m forneceremos listas de dentistas locais para quaisquer outros servi\u00e7os que seu filho possa precisar.<\/span><\/p>\n<p>[\/vc_column_text][\/vc_column][\/vc_row][vc_row][vc_column][\/vc_column][\/vc_row][vc_row css=&#8221;.vc_custom_1673892195860{background-color: #676eb9 !important;}&#8221;][vc_column][vc_column_text]<\/p>\n<div class=\"row vertical-middle\">\n<div class=\"row vertical-middle\">\n<div class=\"col-md-8 col-lg-10\">\n<h5 class=\"tt-banner-label Raleway ml70\" style=\"text-align: left;\">Formul\u00e1rio de Consentimento dos Pais:<\/h5>\n<p>&nbsp;<\/p>\n<\/div>\n<div class=\"col-md-4 col-lg-2\" style=\"text-align: center;\"><a class=\"c-btn big white\" href=\"https:\/\/www.hps-sc.com\/form\">Inscreva-se.<\/a><\/div>\n<\/div>\n<\/div>\n<p>[\/vc_column_text][\/vc_column][\/vc_row][vc_row el_id=&#8221;demos&#8221;][vc_column][dentalcare_services_listing layout=&#8221;carousel&#8221; number=&#8221;4&#8243; el_class=&#8221;services&#8221;][\/vc_column][\/vc_row][vc_row css=&#8221;.vc_custom_1673892195860{background-color: #676eb9 !important;}&#8221;][vc_column][vc_column_text]<\/p>\n<div class=\"row vertical-middle\">\n<div class=\"row vertical-middle\">\n<div class=\"col-md-8 col-lg-10\">\n<h5 class=\"tt-banner-label Raleway ml70\" style=\"text-align: left;\">O HPS EST\u00c1 NA SUA ESCOLA?<\/h5>\n<p>&nbsp;<\/p>\n<\/div>\n<div class=\"col-md-4 col-lg-2\" style=\"text-align: center;\"><a class=\"c-btn big white\" href=\"https:\/\/www.hps-sc.com\/contact-us\/\">Fale Conosco<\/a><\/div>\n<\/div>\n<\/div>\n<p>[\/vc_column_text][\/vc_column][\/vc_row][vc_row][vc_column][vc_column_text]*Observa\u00e7\u00e3o: se seu filho atualmente consulta um dentista local, seu filho pode j\u00e1 ter feito esses servi\u00e7os ou ter sido agendado para fazer isso em seu consult\u00f3rio. Consulte o seu dentista. O Medicaid e o seguro odontol\u00f3gico<strong><u> n\u00e3o cobrem<\/u><\/strong> limpezas e fluoretos mais de uma vez a cada seis meses.<\/p>\n<p>Se os dentes de seu filho tiverem sido limpos por um dentista dentro de 6 meses ap\u00f3s o higienista visitar a sua escola, o seu filho n\u00e3o ser\u00e1 atendido pelo nosso higienista durante a nossa visita agendada \u00e0 escola do seu filho, porque ele\/ela j\u00e1 foi atendido em outro lugar.[\/vc_column_text][\/vc_column][\/vc_row]<\/p>\n","protected":false},"excerpt":{"rendered":"<p>[vc_row][vc_column][vc_column_text] Sobre Nossos Servi\u00e7os Nosso principal objetivo \u00e9 fornecer ao seu filho os melhores servi\u00e7os odontol\u00f3gicos preventivos dispon\u00edveis. Nossos dentistas e higienistas dent\u00e1rios registrados (RDH) s\u00e3o altamente treinados nos m\u00e9todos mais eficazes para manter a sa\u00fade dental do seu filho. Visitas Escolares Visitaremos a escola do seu filho duas vezes por ano; no outono e<\/p>\n","protected":false},"author":1,"featured_media":0,"parent":0,"menu_order":0,"comment_status":"closed","ping_status":"closed","template":"","meta":{"nf_dc_page":"","om_disable_all_campaigns":false,"footnotes":""},"class_list":["post-18","page","type-page","status-publish","hentry"],"jetpack_sharing_enabled":true,"_links":{"self":[{"href":"https:\/\/www.hps-sc.com\/pb\/wp-json\/wp\/v2\/pages\/18","targetHints":{"allow":["GET"]}}],"collection":[{"href":"https:\/\/www.hps-sc.com\/pb\/wp-json\/wp\/v2\/pages"}],"about":[{"href":"https:\/\/www.hps-sc.com\/pb\/wp-json\/wp\/v2\/types\/page"}],"author":[{"embeddable":true,"href":"https:\/\/www.hps-sc.com\/pb\/wp-json\/wp\/v2\/users\/1"}],"replies":[{"embeddable":true,"href":"https:\/\/www.hps-sc.com\/pb\/wp-json\/wp\/v2\/comments?post=18"}],"version-history":[{"count":5,"href":"https:\/\/www.hps-sc.com\/pb\/wp-json\/wp\/v2\/pages\/18\/revisions"}],"predecessor-version":[{"id":1798,"href":"https:\/\/www.hps-sc.com\/pb\/wp-json\/wp\/v2\/pages\/18\/revisions\/1798"}],"wp:attachment":[{"href":"https:\/\/www.hps-sc.com\/pb\/wp-json\/wp\/v2\/media?parent=18"}],"curies":[{"name":"wp","href":"https:\/\/api.w.org\/{rel}","templated":true}]}}