{"id":20,"date":"2019-03-23T12:58:32","date_gmt":"2019-03-23T12:58:32","guid":{"rendered":"http:\/\/box5644.temp.domains\/~hpssccom\/?page_id=20"},"modified":"2023-01-24T10:27:36","modified_gmt":"2023-01-24T15:27:36","slug":"parents","status":"publish","type":"page","link":"https:\/\/www.hps-sc.com\/pb\/parents\/","title":{"rendered":"Pais"},"content":{"rendered":"<p>[vc_row css=&#8221;.vc_custom_1554651181013{margin-top: 5% !important;background-color: #676eb9 !important;}&#8221;][vc_column][vc_column_text]<\/p>\n<div class=\"row vertical-middle\">\n<div class=\"col-md-8 col-lg-10\">\n<h4 class=\"tt-banner-label Raleway ml70\">Inscreva-se no Servi\u00e7o<\/h4>\n<p>&nbsp;<\/p>\n<div class=\"empty-space marg-sm-b30\"><\/div>\n<\/div>\n<div class=\"col-md-4 col-lg-2\"><a class=\"c-btn big white\" href=\"https:\/\/www.hps-sc.com\/pb\/form\">Clique aqui<\/a><\/div>\n<\/div>\n<p>[\/vc_column_text][\/vc_column][\/vc_row][vc_row css=&#8221;.vc_custom_1554651181013{margin-top: 5% !important;background-color: #676eb9 !important;}&#8221;][vc_column][vc_column_text]<\/p>\n<div class=\"row vertical-middle\">\n<div class=\"col-md-8 col-lg-10\">\n<h4 class=\"tt-banner-label Raleway ml70\">Pagar pelos servi\u00e7os odontol\u00f3gicos<\/h4>\n<p>&nbsp;<\/p>\n<div class=\"empty-space marg-sm-b30\"><\/div>\n<\/div>\n<div class=\"col-md-4 col-lg-2\"><a class=\"c-btn big white\" href=\"https:\/\/checkout.square.site\/merchant\/MLX99K2WYFB53\/checkout\/KQWXIFXFHGK6WETXIYASPQZX\">Clique Aqui<\/a><\/div>\n<\/div>\n<p>[\/vc_column_text][\/vc_column][\/vc_row][vc_row][vc_column width=&#8221;1\/2&#8243;][vc_single_image image=&#8221;896&#8243; img_size=&#8221;full&#8221;][\/vc_column][vc_column width=&#8221;1\/2&#8243;][vc_column_text]Verificou-se que as crian\u00e7as com bocas saud\u00e1veis se saem melhor na escola e s\u00e3o mais bem sucedidas mais tarde na vida do que as crian\u00e7as com c\u00e1ries e outros problemas dent\u00e1rios. O HPS (Especialistas em Promo\u00e7\u00e3o da Sa\u00fade) \u00e9 um recurso para ajudar os pais a manter a boca de seus filhos saud\u00e1vel e mant\u00ea-los saud\u00e1veis.<\/p>\n<p>&nbsp;<\/p>\n<p>Servi\u00e7os preventivos s\u00e3o oferecidos na escola.<\/p>\n<ul>\n<li>Permite mais tempo na sala de aula para estudos.<\/li>\n<li>Os pais\/cuidadores n\u00e3o precisam tirar folga do trabalho.<\/li>\n<li>O transporte n\u00e3o \u00e9 um problema.<\/li>\n<li>Encaminhamentos para necessidades adicionais de tratamento s\u00e3o feitos para pediatras locais, fonoaudi\u00f3logos, enfermeiros, dentistas e outros prestadores de servi\u00e7os da sa\u00fade.<\/li>\n<\/ul>\n<p>[\/vc_column_text][\/vc_column][\/vc_row][vc_row][vc_column][vc_column_text]<\/p>\n<h2>Seu filho tem selantes dent\u00e1rios?<\/h2>\n<p>Sua escola faz parte do programa estadual de preven\u00e7\u00e3o odontol\u00f3gica? Se n\u00e3o, pergunte por qu\u00ea!<\/p>\n<p>O Programa de Preven\u00e7\u00e3o Odontol\u00f3gica do HPS pode chegar \u00e0 sua escola sem nenhum custo para a escola ou distrito escolar. Entre em contato com o diretor da escola, os membros do conselho escolar e o superintendente e expresse seu interesse para que o HPS atenda \u00e0(s) sua(s) escola(s).<br \/>\n[\/vc_column_text][\/vc_column][\/vc_row][vc_row css=&#8221;.vc_custom_1554651181013{margin-top: 5% !important;background-color: #676eb9 !important;}&#8221;][vc_column][vc_column_text]<\/p>\n<div class=\"row vertical-middle\">\n<div class=\"col-md-8 col-lg-10\">\n<h4 class=\"tt-banner-label Raleway ml70\">Se o HPS n\u00e3o estiver atualmente na escola do seu filho, entre em contato conosco hoje.<\/h4>\n<p>&nbsp;<\/p>\n<div class=\"empty-space marg-sm-b30\"><\/div>\n<\/div>\n<div class=\"col-md-4 col-lg-2\"><a class=\"c-btn big white\" href=\"https:\/\/www.hps-sc.com\/contact-us\/\">Contato<\/a><\/div>\n<\/div>\n<p>[\/vc_column_text][\/vc_column][\/vc_row]<\/p>\n","protected":false},"excerpt":{"rendered":"<p>[vc_row css=&#8221;.vc_custom_1554651181013{margin-top: 5% !important;background-color: #676eb9 !important;}&#8221;][vc_column][vc_column_text] Inscreva-se no Servi\u00e7o &nbsp; Clique aqui [\/vc_column_text][\/vc_column][\/vc_row][vc_row css=&#8221;.vc_custom_1554651181013{margin-top: 5% !important;background-color: #676eb9 !important;}&#8221;][vc_column][vc_column_text] Pagar pelos servi\u00e7os odontol\u00f3gicos &nbsp; Clique Aqui [\/vc_column_text][\/vc_column][\/vc_row][vc_row][vc_column width=&#8221;1\/2&#8243;][vc_single_image image=&#8221;896&#8243; img_size=&#8221;full&#8221;][\/vc_column][vc_column width=&#8221;1\/2&#8243;][vc_column_text]Verificou-se que as crian\u00e7as com bocas saud\u00e1veis se saem melhor na escola e s\u00e3o mais bem sucedidas mais tarde na vida do que as crian\u00e7as com<\/p>\n","protected":false},"author":1,"featured_media":0,"parent":0,"menu_order":0,"comment_status":"closed","ping_status":"closed","template":"","meta":{"nf_dc_page":"","om_disable_all_campaigns":false,"footnotes":""},"class_list":["post-20","page","type-page","status-publish","hentry"],"jetpack_sharing_enabled":true,"_links":{"self":[{"href":"https:\/\/www.hps-sc.com\/pb\/wp-json\/wp\/v2\/pages\/20","targetHints":{"allow":["GET"]}}],"collection":[{"href":"https:\/\/www.hps-sc.com\/pb\/wp-json\/wp\/v2\/pages"}],"about":[{"href":"https:\/\/www.hps-sc.com\/pb\/wp-json\/wp\/v2\/types\/page"}],"author":[{"embeddable":true,"href":"https:\/\/www.hps-sc.com\/pb\/wp-json\/wp\/v2\/users\/1"}],"replies":[{"embeddable":true,"href":"https:\/\/www.hps-sc.com\/pb\/wp-json\/wp\/v2\/comments?post=20"}],"version-history":[{"count":82,"href":"https:\/\/www.hps-sc.com\/pb\/wp-json\/wp\/v2\/pages\/20\/revisions"}],"predecessor-version":[{"id":1764,"href":"https:\/\/www.hps-sc.com\/pb\/wp-json\/wp\/v2\/pages\/20\/revisions\/1764"}],"wp:attachment":[{"href":"https:\/\/www.hps-sc.com\/pb\/wp-json\/wp\/v2\/media?parent=20"}],"curies":[{"name":"wp","href":"https:\/\/api.w.org\/{rel}","templated":true}]}}