{"id":24,"date":"2019-03-23T13:06:52","date_gmt":"2019-03-23T13:06:52","guid":{"rendered":"http:\/\/box5644.temp.domains\/~hpssccom\/?page_id=24"},"modified":"2023-01-26T13:07:20","modified_gmt":"2023-01-26T18:07:20","slug":"school-districts","status":"publish","type":"page","link":"https:\/\/www.hps-sc.com\/pb\/school-districts\/","title":{"rendered":"Distritos Escolares"},"content":{"rendered":"<p>[vc_row][vc_column][vc_column_text][\/vc_column_text][\/vc_column][\/vc_row][vc_row css=&#8221;.vc_custom_1553762797277{margin-top: 2% !important;}&#8221;][vc_column][dentalcare_custom_heading heading=&#8221;A boa not\u00edcia &#8221; heading_two=&#8221; \u00e9 que a maioria das doen\u00e7as dent\u00e1rias \u00e9 evit\u00e1vel e, se detectada nos est\u00e1gios iniciais, pode ser interrompida e\/ou revertida.&#8221;][vc_column_text css=&#8221;.vc_custom_1673987699190{padding-top: 2% !important;}&#8221;]A diretora do CDC, Julie Gerberding, MD, afirmou: \u201cSe mais comunidades implementassem esses programas, poder\u00edamos salvar muitas crian\u00e7as da dor e sofrimento desnecess\u00e1rios e economizar milh\u00f5es de d\u00f3lares em custos de atendimento odontol\u00f3gico para o pa\u00eds\u201d.[\/vc_column_text][vc_column_text]<\/p>\n<h2 style=\"font-weight: 400;\"><strong>O HPS Beneficia Escolas e Crian\u00e7as<\/strong><\/h2>\n<ul>\n<li>N\u00e3o h\u00e1 custo para o distrito escolar.<\/li>\n<li>Menos tempo de sala de aula \u00e9 perdido por receber servi\u00e7os preventivos na escola.<\/li>\n<li>O programa enfatiza a preven\u00e7\u00e3o e a educa\u00e7\u00e3o. Higienistas dentais registrados da HPS (RDHs) est\u00e3o dispon\u00edveis como recursos para falar em reuni\u00f5es de PTA\/PTO, feiras de sa\u00fade, aulas para pais e outras oportunidades educacionais.<\/li>\n<li>N\u00e3o discriminat\u00f3rio e dispon\u00edvel para todas as crian\u00e7as com a permiss\u00e3o dos pais. N\u00e3o \u00e9 um programa exclusivo do Medicaid.<\/li>\n<li>O HPS alivia a maioria das responsabilidades em sa\u00fade bucal das enfermarias escolares.<\/li>\n<li>O HPS atende distritos escolares em todo o estado desde 2000.<\/li>\n<li>N\u00f3s fornecemos relat\u00f3rios de servi\u00e7os odontol\u00f3gicos para enfermarias escolares e distritos.<\/li>\n<\/ul>\n<p>[\/vc_column_text][\/vc_column][\/vc_row][vc_row css=&#8221;.vc_custom_1553761868016{margin-top: 5% !important;background-color: #676cb8 !important;}&#8221;][vc_column][vc_column_text]<\/p>\n<div class=\"row vertical-middle\">\n<div class=\"col-md-8 col-lg-10\">\n<h4><span lang=\"PT-BR\">Se o HPS n\u00e3o estiver atualmente na escola do seu filho, entre em contato conosco hoje.<\/span><\/h4>\n<p>&nbsp;<\/p>\n<div class=\"empty-space marg-sm-b30\"><\/div>\n<\/div>\n<div class=\"col-md-4 col-lg-2\"><a class=\"c-btn big white\" href=\"https:\/\/www.hps-sc.com\/contact-us\/\">Contato<\/a><\/div>\n<\/div>\n<p>[\/vc_column_text][\/vc_column][\/vc_row][vc_row][vc_column][vc_tta_tour][vc_tta_section title=&#8221;Equipe de Apoio Administrativo&#8221; tab_id=&#8221;1553762023975-d5ab718d-555f&#8221;][vc_row_inner][vc_column_inner width=&#8221;1\/2&#8243;][vc_column_text]<\/p>\n<h2><span lang=\"PT-BR\">Equipe de Apoio Administrativo<\/span><\/h2>\n<p style=\"font-weight: 400;\"><strong>Tammi O. Byrd, RDH<\/strong><\/p>\n<p style=\"font-weight: 400;\">RDHCEO\/Diretora Cl\u00ednica<\/p>\n<p style=\"font-weight: 400;\"><strong>Shana Burchell<\/strong><\/p>\n<p style=\"font-weight: 400;\">Assistente Executiva Administrativa<\/p>\n<p style=\"font-weight: 400;\"><strong>Nancy Johnston<\/strong><\/p>\n<p style=\"font-weight: 400;\">Coordenadora de Rela\u00e7\u00f5es Profissionais da RDH<\/p>\n<p style=\"font-weight: 400;\"><strong>Laura Hancock, RDH<\/strong><\/p>\n<p style=\"font-weight: 400;\"><span class=\"HwtZe\" lang=\"es\">Gerente de Relacionamento\/Equipamentos da RDH<\/span><\/p>\n<p style=\"font-weight: 400;\"><strong><a href=\"https:\/\/wedgesc.com\/index.php\/software-development\/\" target=\"_blank\" rel=\"noopener noreferrer\">Wedge SC<\/a><br \/>\n<\/strong>Gest\u00e3o de Infraestrutura, Servi\u00e7os de Banco de Dados<\/p>\n<p>[\/vc_column_text][\/vc_column_inner][vc_column_inner width=&#8221;1\/2&#8243;][vc_column_text]<\/p>\n<h2><span lang=\"PT-BR\">Dentistas Associados<\/span><\/h2>\n<p style=\"font-weight: 400;\">Edward E. Herschaft, DDS<\/p>\n<p style=\"font-weight: 400;\">Laura Walls, DDS<\/p>\n<p>[\/vc_column_text][\/vc_column_inner][\/vc_row_inner][\/vc_tta_section][vc_tta_section title=&#8221;Higienistas Dent\u00e1rios Registrados&#8221; tab_id=&#8221;1553762024157-3c28b350-f299&#8243;][vc_column_text]<\/p>\n<p style=\"font-weight: 400;\">Higienistas dentais s\u00e3o os especialistas preventivos da equipe odontol\u00f3gica. Todos os nossos servi\u00e7os s\u00e3o prestados por higienistas dentais registrados. Cada HPS RDH \u00e9 graduado em um programa de higiene dental credenciado, aprovado pelos conselhos nacional e estadual, \u00e9 licenciado pelo estado, recebe treinamento adicional em conscientiza\u00e7\u00e3o e preven\u00e7\u00e3o de abuso infantil, conscientiza\u00e7\u00e3o cultural e \u00e9 certificado CED AED para adultos e crian\u00e7as. e CPR ou primeiros socorros infantis.<\/p>\n<h3>Higienistas Dentais Registrados<\/h3>\n<ul>\n<li>Tracey Buddin, RDH \u2014 Florence 3 (Lake City), Berkeley, Charleston, Dorchester 4<\/li>\n<li>Kelley Cato, RDH \u2014 Lexington 2 &amp;4, Richland 2, York 1, 2 (Clover), Bamberg and Marlboro<\/li>\n<li>Amber Dominquez, RDH \u2014 Spartanburg 2 &amp; 3, Union, SC Public Charters<\/li>\n<li>Kim Fulmer, RDH \u2014 Lexington 3 &amp; 5, Edgefield and Saluda<\/li>\n<li>Judy Godfrey, RDH \u2014 Greenwood 51 (Ware Shoals) &amp; 52 (Ninety-Six), Spartanburg 4 (Woodruff) and Union<\/li>\n<li>Shaye Dase, RDH \u2014 McCormick, Pickens, Abbeville and Anderson 1,2,3,4,5<\/li>\n<li>Angela Sacco, RDH \u2014 \u00a0Lexington 1, Orangeburg and Calhoun<\/li>\n<li>Shawna Saldana, RDH \u2014 Charleston and Colleton<\/li>\n<\/ul>\n<p>&nbsp;<\/p>\n<h3>Para solicitar informaci\u00f3n sobre c\u00f3mo convertirse en un miembre de HPS, <a href=\"https:\/\/www.hps-sc.com\/contact-us\/\">cont\u00e1ctenos<\/a>\u00a0 hoy.<\/h3>\n<p>[\/vc_column_text][\/vc_tta_section][vc_tta_section title=&#8221;Parceiros Restauradores&#8221; tab_id=&#8221;1553762464091-631bd2da-72eb&#8221;][vc_column_text]Sabemos que muitos clientes que vemos em ambientes escolares t\u00eam in\u00fameros obst\u00e1culos para marcar e manter compromissos, especialmente compromissos para coisas que n\u00e3o est\u00e3o quebradas ou danificadas, como uma consulta de limpeza.<\/p>\n<p>Ao oferecer este servi\u00e7o em ambiente familiar, aumentamos a aceita\u00e7\u00e3o e damos-nos a oportunidade de estabelecer comunica\u00e7\u00e3o com os pais. Temos visto mais crian\u00e7as entrando em escrit\u00f3rios para consultas de restaura\u00e7\u00e3o desde que come\u00e7amos nas escolas. A maioria deles n\u00e3o foi regularmente nos anos anteriores. N\u00e3o realizamos exames ou radiografias, permitindo que os servi\u00e7os restauradores de planejamento de tratamento do consult\u00f3rio tenham essa capacidade.<\/p>\n<p>Quando atendemos uma crian\u00e7a na escola, temos a oportunidade de encaminh\u00e1-la a cada vez para um consult\u00f3rio odontol\u00f3gico. Isso ajuda a refor\u00e7ar a necessidade de exames e radiografias regulares e, claro, qualquer trabalho de restaura\u00e7\u00e3o necess\u00e1rio.<\/p>\n<p>Congratulamo-nos com parceiros restauradores para nos ajudar a completar o ciclo completo de cuidados. \u00c9 &#8220;trabalho em equipe&#8221; no seu melhor. Enviaremos os nomes de nossos parceiros de alimenta\u00e7\u00e3o para casa com cada crian\u00e7a, incluindo-os em artigos de boletim escolar, em nossos quadros de avisos em feiras de sa\u00fade e outros eventos dos quais participamos.<\/p>\n<p>Podemos compartilhar informa\u00e7\u00f5es com parceiros de refer\u00eancia sobre os cuidados espec\u00edficos que as crian\u00e7as recebem e vice-versa. Isso n\u00e3o \u00e9 poss\u00edvel sem um acordo devido aos regulamentos da HIPAA. Tamb\u00e9m ajuda a evitar a duplica\u00e7\u00e3o de servi\u00e7os que esgotam os d\u00f3lares do Medicaid dispon\u00edveis para cuidados restaurativos e de emerg\u00eancia. Isso permite que todos n\u00f3s sejamos respons\u00e1veis \u200b\u200be respons\u00e1veis.<\/p>\n<p><strong>Para solicitar informa\u00e7\u00f5es sobre como se tornar um Parceiro Restaurativo, entre em contato conosco hoje mesmo.<\/strong>[\/vc_column_text][\/vc_tta_section][vc_tta_section title=&#8221;Parceiros de Preven\u00e7\u00e3o&#8221; tab_id=&#8221;1553762548405-e9950aa8-40ac&#8221;][vc_column_text]<span lang=\"PT-BR\">Especialistas em Promo\u00e7\u00e3o da Sa\u00fade fazem parceria com distritos escolares em um esfor\u00e7o para diminuir a alta taxa de doen\u00e7as dent\u00e1rias na SC.<\/span><\/p>\n<p><span lang=\"PT-BR\">Como parte de uma equipe de sa\u00fade abrangente, tamb\u00e9m encaminhamos todas as crian\u00e7as com necessidades adicionais de tratamento para pediatras locais, enfermeiros, fonoaudi\u00f3logos, dentistas, etc.<\/span><\/p>\n<h2><a href=\"https:\/\/www.cdc.gov\/oralhealth\/index.html\" target=\"_blank\" rel=\"noopener noreferrer\">Divis\u00e3o de Sa\u00fade Oral do CDC<\/a><\/h2>\n<h2><a href=\"https:\/\/www.d2l.org\/\" target=\"_blank\" rel=\"noopener noreferrer\">Da escurid\u00e3o para a Luz<\/a><\/h2>\n<p>&nbsp;<\/p>\n<h3><b><span lang=\"ES-US\">Para obter informa\u00e7\u00f5es sobre como se tornar um parceiro de preven\u00e7\u00e3o, <a href=\"https:\/\/www.hps-sc.com\/contact-us\/\">contate-nos<\/a> hoje mesmo.<\/span><\/b><\/h3>\n<p>[\/vc_column_text][\/vc_tta_section][vc_tta_section title=&#8221;Custo da doen\u00e7a dent\u00e1ria&#8221; tab_id=&#8221;1553762638678-f5475d34-9802&#8243;][vc_column_text]Consulte a seguinte informa\u00e7\u00e3o: <a href=\"https:\/\/www.hps-sc.com\/wp-content\/uploads\/2017\/03\/Cost-of-Dental-Disease.pdf\" target=\"_blank\" rel=\"noopener noreferrer\">Custo das doen\u00e7as dent\u00e1rias<\/a>[\/vc_column_text][\/vc_tta_section][\/vc_tta_tour][\/vc_column][\/vc_row][vc_row][vc_column][vc_column_text][\/vc_column_text][\/vc_column][\/vc_row]<\/p>\n","protected":false},"excerpt":{"rendered":"<p>[vc_row][vc_column][vc_column_text][\/vc_column_text][\/vc_column][\/vc_row][vc_row css=&#8221;.vc_custom_1553762797277{margin-top: 2% !important;}&#8221;][vc_column][dentalcare_custom_heading heading=&#8221;A boa not\u00edcia &#8221; heading_two=&#8221; \u00e9 que a maioria das doen\u00e7as dent\u00e1rias \u00e9 evit\u00e1vel e, se detectada nos est\u00e1gios iniciais, pode ser interrompida e\/ou revertida.&#8221;][vc_column_text css=&#8221;.vc_custom_1673987699190{padding-top: 2% !important;}&#8221;]A diretora do CDC, Julie Gerberding, MD, afirmou: \u201cSe mais comunidades implementassem esses programas, poder\u00edamos salvar muitas crian\u00e7as da dor e sofrimento desnecess\u00e1rios e<\/p>\n","protected":false},"author":1,"featured_media":0,"parent":0,"menu_order":0,"comment_status":"closed","ping_status":"closed","template":"","meta":{"nf_dc_page":"","om_disable_all_campaigns":false,"footnotes":""},"class_list":["post-24","page","type-page","status-publish","hentry"],"jetpack_sharing_enabled":true,"_links":{"self":[{"href":"https:\/\/www.hps-sc.com\/pb\/wp-json\/wp\/v2\/pages\/24","targetHints":{"allow":["GET"]}}],"collection":[{"href":"https:\/\/www.hps-sc.com\/pb\/wp-json\/wp\/v2\/pages"}],"about":[{"href":"https:\/\/www.hps-sc.com\/pb\/wp-json\/wp\/v2\/types\/page"}],"author":[{"embeddable":true,"href":"https:\/\/www.hps-sc.com\/pb\/wp-json\/wp\/v2\/users\/1"}],"replies":[{"embeddable":true,"href":"https:\/\/www.hps-sc.com\/pb\/wp-json\/wp\/v2\/comments?post=24"}],"version-history":[{"count":71,"href":"https:\/\/www.hps-sc.com\/pb\/wp-json\/wp\/v2\/pages\/24\/revisions"}],"predecessor-version":[{"id":1774,"href":"https:\/\/www.hps-sc.com\/pb\/wp-json\/wp\/v2\/pages\/24\/revisions\/1774"}],"wp:attachment":[{"href":"https:\/\/www.hps-sc.com\/pb\/wp-json\/wp\/v2\/media?parent=24"}],"curies":[{"name":"wp","href":"https:\/\/api.w.org\/{rel}","templated":true}]}}