{"id":26,"date":"2019-03-23T13:08:19","date_gmt":"2019-03-23T13:08:19","guid":{"rendered":"http:\/\/box5644.temp.domains\/~hpssccom\/?page_id=26"},"modified":"2023-01-27T15:17:43","modified_gmt":"2023-01-27T20:17:43","slug":"health-professionals","status":"publish","type":"page","link":"https:\/\/www.hps-sc.com\/pb\/health-professionals\/","title":{"rendered":"Profissionais de sa\u00fade"},"content":{"rendered":"<p>[vc_row][vc_column width=&#8221;1\/2&#8243;][vc_column_text]<\/p>\n<div style=\"text-align: justify;\">\n<p>Enquanto os Centros de Controle de Doen\u00e7as dos Estados Unidos h\u00e1 muito tempo apoiam todas as comunidades que t\u00eam programas de selantes baseados em escolas, a American Dental Association (ADA) adicionou sua voz coletiva em apoio a todas as comunidades que t\u00eam programas de selantes baseados em escolas. Em 28 de abril de 2009, o presidente da ADA, Dr. John S. Findley, enviou uma carta ao presidente Obama pedindo que a sa\u00fade bucal fosse inclu\u00edda na reforma dos cuidados de sa\u00fade. Sua carta dizia: \u201cSabemos que a preven\u00e7\u00e3o funciona e que \u00e9 rent\u00e1vel. Um pequeno investimento em algumas atividades preventivas simples pode economizar milh\u00f5es de d\u00f3lares no tratamento subsequente da sa\u00fade bucal.<\/p>\n<p>O financiamento aprimorado para medidas preventivas comprovadas e econ\u00f4micas, como a fluoreta\u00e7\u00e3o da \u00e1gua na comunidade e os programas de selantes escolares, pode complementar os cuidados domiciliares para prevenir doen\u00e7as dent\u00e1rias para aqueles com maior risco.<\/p>\n<p>Os Especialistas em Promo\u00e7\u00e3o da Sa\u00fade (HPS) est\u00e3o entusiasmados por estarem na vanguarda dessas medidas preventivas na Carolina do Sul h\u00e1 mais de nove anos. O programa HPS \u00e9 diferente de outros programas de uma maneira fundamental \u2013 prevenimos doen\u00e7as em vez de simplesmente identific\u00e1-las e encaminh\u00e1-las para tratamento. A HPS faz parte de uma equipe de sa\u00fade colaborativa abrangente.<\/p>\n<\/div>\n<p>[\/vc_column_text][\/vc_column][vc_column width=&#8221;1\/2&#8243;][vc_single_image image=&#8221;852&#8243; img_size=&#8221;full&#8221;][\/vc_column][\/vc_row][vc_row css=&#8221;.vc_custom_1554655009712{margin-top: 2% !important;}&#8221;][vc_column width=&#8221;1\/2&#8243;][vc_single_image image=&#8221;913&#8243; img_size=&#8221;full&#8221;][\/vc_column][vc_column width=&#8221;1\/2&#8243;][vc_column_text]<\/p>\n<div style=\"text-align: justify;\">Fazemos parcerias com comunidades para fornecer educa\u00e7\u00e3o e servi\u00e7os preventivos e encaminhar crian\u00e7as para servi\u00e7os adicionais a m\u00e9dicos, dentistas, fonoaudi\u00f3logos, etc. Trabalhamos com os recursos locais dentro da comunidade e participamos de atividades comunit\u00e1rias para promover a sa\u00fade. \u00c9 uma vit\u00f3ria para todos os envolvidos. As crian\u00e7as ganham sofrendo menos c\u00e1ries e dor, os distritos escolares ganham melhorando a sa\u00fade dos alunos, aumentando assim suas oportunidades de aprender, os provedores da comunidade local ganham por encaminhamentos para as necessidades adicionais de tratamento das crian\u00e7as e os contribuintes ganham atrav\u00e9s da preven\u00e7\u00e3o de doen\u00e7as, em vez de ter que pagar por um tratamento mais caro.<\/div>\n<p>[\/vc_column_text][\/vc_column][\/vc_row][vc_row css=&#8221;.vc_custom_1554655527614{margin-top: 3% !important;}&#8221;][vc_column][dentalcare_custom_heading heading=&#8221;RDHs \u00e0 procura de &#8221; heading_two=&#8221;emprego &#8220;][vc_column_text]<\/p>\n<div style=\"text-align: justify;\">\n<p>Atualmente o HPS n\u00e3o tem vagas abertas para emprego. No entanto, mantemos curr\u00edculos arquivados em todos os momentos para posi\u00e7\u00f5es futuras.<\/p>\n<p>Se voc\u00ea \u00e9 um motivador com um cora\u00e7\u00e3o voltado para as crian\u00e7as, voc\u00ea tem as qualidades que procuramos. Voc\u00ea deve ser flex\u00edvel, ter um esp\u00edrito gentil e capaz de trabalhar como parte de uma grande equipe.<\/p>\n<p>Se voc\u00ea estiver interessado em ser considerado para uma posi\u00e7\u00e3o futura dentro de um ambiente escolar, entre em contato conosco por <a href=\"https:\/\/www.hps-sc.com\/employment\">aqui<\/a> ou envie um fax para 803-407-7938.<\/p>\n<\/div>\n<p>[\/vc_column_text][vc_column_text]<\/p>\n<h2><span lang=\"PT-BR\">Estatutos e Limita\u00e7\u00f5es<\/span><\/h2>\n<ul class=\"text\">\n<li><a href=\"https:\/\/www.scstatehouse.gov\/code\/t40c015.php\">Lei Estadual SC \u2013 A Lei de Pr\u00e1tica Odontol\u00f3gica<\/a><\/li>\n<li><a href=\"https:\/\/www.scstatehouse.gov\/coderegs\/Chapter%2039.pdf\">Regulamentos do Estado de SC relativos \u00e0 Odontologia<\/a><\/li>\n<li><a href=\"https:\/\/llr.sc.gov\/bod\/\">Diretoria de Odontologia da SC<\/a><\/li>\n<\/ul>\n<p>[\/vc_column_text][\/vc_column][\/vc_row]<\/p>\n","protected":false},"excerpt":{"rendered":"<p>[vc_row][vc_column width=&#8221;1\/2&#8243;][vc_column_text] Enquanto os Centros de Controle de Doen\u00e7as dos Estados Unidos h\u00e1 muito tempo apoiam todas as comunidades que t\u00eam programas de selantes baseados em escolas, a American Dental Association (ADA) adicionou sua voz coletiva em apoio a todas as comunidades que t\u00eam programas de selantes baseados em escolas. Em 28 de abril de<\/p>\n","protected":false},"author":1,"featured_media":0,"parent":0,"menu_order":0,"comment_status":"closed","ping_status":"closed","template":"","meta":{"nf_dc_page":"","om_disable_all_campaigns":false,"footnotes":""},"class_list":["post-26","page","type-page","status-publish","hentry"],"jetpack_sharing_enabled":true,"_links":{"self":[{"href":"https:\/\/www.hps-sc.com\/pb\/wp-json\/wp\/v2\/pages\/26","targetHints":{"allow":["GET"]}}],"collection":[{"href":"https:\/\/www.hps-sc.com\/pb\/wp-json\/wp\/v2\/pages"}],"about":[{"href":"https:\/\/www.hps-sc.com\/pb\/wp-json\/wp\/v2\/types\/page"}],"author":[{"embeddable":true,"href":"https:\/\/www.hps-sc.com\/pb\/wp-json\/wp\/v2\/users\/1"}],"replies":[{"embeddable":true,"href":"https:\/\/www.hps-sc.com\/pb\/wp-json\/wp\/v2\/comments?post=26"}],"version-history":[{"count":28,"href":"https:\/\/www.hps-sc.com\/pb\/wp-json\/wp\/v2\/pages\/26\/revisions"}],"predecessor-version":[{"id":1775,"href":"https:\/\/www.hps-sc.com\/pb\/wp-json\/wp\/v2\/pages\/26\/revisions\/1775"}],"wp:attachment":[{"href":"https:\/\/www.hps-sc.com\/pb\/wp-json\/wp\/v2\/media?parent=26"}],"curies":[{"name":"wp","href":"https:\/\/api.w.org\/{rel}","templated":true}]}}